{"id":789,"date":"2021-12-09T16:04:17","date_gmt":"2021-12-09T13:04:17","guid":{"rendered":"https:\/\/fiacoglobal.com\/?page_id=789"},"modified":"2022-02-15T22:19:47","modified_gmt":"2022-02-15T19:19:47","slug":"tercumanlik-rehberlik","status":"publish","type":"page","link":"https:\/\/test.fiacoglobal.com.tr\/ru\/tercumanlik-rehberlik\/","title":{"rendered":"\u0423\u0441\u043b\u0443\u0433\u0438 \u043f\u0435\u0440\u0435\u0432\u043e\u0434\u0447\u0438\u043a\u0430 \u0438 \u043d\u0430\u0441\u0442\u0430\u0432\u043d\u0438\u043a\u0430."},"content":{"rendered":"<div data-elementor-type=\"wp-page\" data-elementor-id=\"789\" class=\"elementor elementor-789\">\n\t\t\t\t\t\t<section class=\"elementor-section elementor-top-section elementor-element elementor-element-aefc794 elementor-section-boxed elementor-section-height-default elementor-section-height-default parallax_section_no qode_elementor_container_no\" data-id=\"aefc794\" data-element_type=\"section\" data-settings=\"{&quot;background_background&quot;:&quot;classic&quot;}\">\n\t\t\t\t\t\t\t<div class=\"elementor-background-overlay\"><\/div>\n\t\t\t\t\t\t\t<div class=\"elementor-container elementor-column-gap-default\">\n\t\t\t\t\t<div class=\"elementor-column elementor-col-100 elementor-top-column elementor-element elementor-element-2dbdcc1\" data-id=\"2dbdcc1\" data-element_type=\"column\">\n\t\t\t<div class=\"elementor-widget-wrap elementor-element-populated\">\n\t\t\t\t\t\t<div class=\"elementor-element elementor-element-464501f elementor-widget elementor-widget-text-editor\" data-id=\"464501f\" data-element_type=\"widget\" data-widget_type=\"text-editor.default\">\n\t\t\t\t<div class=\"elementor-widget-container\">\n\t\t\t\t\t\t\t\t\t<h3>\u0423\u0441\u043b\u0443\u0433\u0438 \u043f\u0435\u0440\u0435\u0432\u043e\u0434\u0447\u0438\u043a\u0430 \u0438 \u043d\u0430\u0441\u0442\u0430\u0432\u043d\u0438\u043a\u0430.<\/h3>\t\t\t\t\t\t\t\t<\/div>\n\t\t\t\t<\/div>\n\t\t\t\t<div class=\"elementor-element elementor-element-d7c002b elementor-widget elementor-widget-text-editor\" data-id=\"d7c002b\" data-element_type=\"widget\" data-widget_type=\"text-editor.default\">\n\t\t\t\t<div class=\"elementor-widget-container\">\n\t\t\t\t\t\t\t\t\t<p>\u041a\u043e\u043c\u043f\u0430\u043d\u0438\u044f Fiaco Global, \u0441\u043e\u0437\u0434\u0430\u043d\u043d\u0430 \u0441 \u0446\u0435\u043b\u044c\u044e \u0434\u0430\u0442\u044c \u0432\u043e\u0437\u043c\u043e\u0436\u043d\u043e\u0441\u0442\u044c \u043d\u0430\u0448\u0438\u043c \u043a\u043b\u0438\u0435\u043d\u0442\u0430\u043c \u0431\u044b\u0441\u0442\u0440\u043e \u0438 \u0442\u043e\u0447\u043d\u043e \u043e\u0441\u0443\u0449\u0435\u0441\u0442\u0432\u043b\u044f\u0442\u044c \u0441\u0432\u043e\u0438 \u0438\u043d\u0432\u0435\u0441\u0442\u0438\u0446\u0438\u0438 \u0438 \u043f\u043e\u0434\u0434\u0435\u0440\u0436\u0438\u0432\u0430\u0442\u044c \u0438\u0445 \u043d\u0430\u0438\u0431\u043e\u043b\u0435\u0435 \u0432\u044b\u0433\u043e\u0434\u043d\u044b\u043c \u043e\u0431\u0440\u0430\u0437\u043e\u043c, \u0443\u0441\u0442\u0440\u0430\u043d\u044f\u044f \u044f\u0437\u044b\u043a\u043e\u0432\u044b\u0435 \u043d\u0430\u0443\u0447\u043d\u044b\u0435 \u0438 \u043a\u0443\u043b\u044c\u0442\u0443\u0440\u043d\u044b\u0435 \u0440\u0430\u0437\u043b\u0438\u0447\u0438\u044f \u0431\u043b\u0430\u0433\u043e\u0434\u0430\u0440\u044f \u043f\u043e\u043b\u043d\u043e\u043c\u0443 \u0443\u0441\u0442\u0440\u0430\u043d\u0435\u043d\u0438\u044e \u0433\u0440\u0430\u043d\u0438\u0446 \u0432 \u0433\u043b\u043e\u0431\u0430\u043b\u0438\u0437\u0438\u0440\u043e\u0432\u0430\u043d\u043d\u043e\u043c \u043c\u0438\u0440\u0435, \u0442\u0430\u043a\u0436\u0435 \u043f\u0440\u0435\u0434\u043b\u0430\u0433\u0430\u0435\u0442 \u0441\u0432\u043e\u0438\u043c \u043a\u043b\u0438\u0435\u043d\u0442\u0430\u043c \u0443\u0441\u043b\u0443\u0433\u0438 \u043f\u0435\u0440\u0435\u0432\u043e\u0434\u0430 \u0432 \u0440\u0430\u043c\u043a\u0430\u0445 \u044d\u0442\u043e\u0433\u043e \u043e\u0441\u043d\u043e\u0432\u043d\u043e\u0433\u043e \u043f\u0440\u0438\u043d\u0446\u0438\u043f\u0430.<\/p><p>\u00a0<\/p><p>\u0412 \u044d\u0442\u043e\u043c \u043a\u043e\u043d\u0442\u0435\u043a\u0441\u0442\u0435 \u043c\u044b \u0432\u044b\u043f\u043e\u043b\u043d\u044f\u0435\u043c \u043a\u0430\u043a \u043a\u043e\u0440\u043f\u043e\u0440\u0430\u0442\u0438\u0432\u043d\u044b\u0435, \u0442\u0430\u043a \u0438 \u0438\u043d\u0434\u0438\u0432\u0438\u0434\u0443\u0430\u043b\u044c\u043d\u044b\u0435 \u043f\u0435\u0440\u0435\u0432\u043e\u0434\u044b \u043f\u043e \u043f\u0440\u043e\u0441\u044c\u0431\u0435 \u043d\u0430\u0448\u0438\u0445 \u043a\u043b\u0438\u0435\u043d\u0442\u043e\u0432 \u0432\u043c\u0435\u0441\u0442\u0435 \u0441 \u043d\u0430\u0448\u0438\u043c\u0438 \u0434\u0435\u043b\u043e\u0432\u044b\u043c\u0438 \u043f\u0430\u0440\u0442\u043d\u0435\u0440\u0430\u043c\u0438-\u044d\u043a\u0441\u043f\u0435\u0440\u0442\u0430\u043c\u0438. \u041c\u044b \u043f\u0435\u0440\u0435\u0432\u043e\u0434\u0438\u043c \u0432\u0441\u0435 \u0434\u043e\u043a\u0443\u043c\u0435\u043d\u0442\u044b \u0438 \u043f\u0438\u0441\u044c\u043c\u0435\u043d\u043d\u044b\u0435 \u0440\u0430\u0431\u043e\u0442\u044b \u043d\u0430\u0448\u0438\u0445 \u043a\u043b\u0438\u0435\u043d\u0442\u043e\u0432, \u043a\u043e\u0442\u043e\u0440\u044b\u0435 \u043d\u0443\u0436\u0434\u0430\u044e\u0442\u0441\u044f \u0432 \u043f\u0435\u0440\u0435\u0432\u043e\u0434\u0435, \u0431\u044b\u0441\u0442\u0440\u043e \u0438 \u0442\u043e\u0447\u043d\u043e, \u0432 \u0441\u043e\u043e\u0442\u0432\u0435\u0442\u0441\u0442\u0432\u0438\u0438 \u0441 \u043f\u0440\u0438\u043d\u0446\u0438\u043f\u0430\u043c\u0438 \u0444\u043e\u0440\u043c\u044b \u0432 \u043e\u0444\u0438\u0446\u0438\u0430\u043b\u044c\u043d\u044b\u0445 \u0434\u043e\u043a\u0443\u043c\u0435\u043d\u0442\u0430\u0445 \u0438 \u043f\u043e \u043d\u0438\u0437\u043a\u0438\u043c \u0446\u0435\u043d\u0430\u043c.<\/p><p>\u00a0<\/p><p>\u041f\u0435\u0440\u0435\u0432\u043e\u0434\u0447\u0435\u0441\u043a\u0438\u0435 \u0443\u0441\u043b\u0443\u0433\u0438, \u043f\u0440\u0435\u0434\u043b\u0430\u0433\u0430\u0435\u043c\u044b\u0435 Fiaco global \u0441\u0432\u043e\u0438\u043c \u043a\u043b\u0438\u0435\u043d\u0442\u0430\u043c, \u0432\u043a\u043b\u044e\u0447\u0430\u044e\u0442 \u043a\u0430\u043a \u0443\u0441\u0442\u043d\u044b\u0435, \u0442\u0430\u043a \u0438 \u043f\u0438\u0441\u044c\u043c\u0435\u043d\u043d\u044b\u0435 \u043f\u0435\u0440\u0435\u0432\u043e\u0434\u044b. \u0412 \u044d\u0442\u043e\u043c \u043a\u043e\u043d\u0442\u0435\u043a\u0441\u0442\u0435 \u043c\u044b \u043f\u0440\u0435\u0434\u043e\u0441\u0442\u0430\u0432\u043b\u044f\u0435\u043c \u0432\u0441\u0435 \u0443\u0441\u043b\u0443\u0433\u0438 \u043f\u0438\u0441\u044c\u043c\u0435\u043d\u043d\u043e\u0433\u043e \u0438 \u0443\u0441\u0442\u043d\u043e\u0433\u043e \u043f\u0435\u0440\u0435\u0432\u043e\u0434\u0430, \u0432 \u043a\u043e\u0442\u043e\u0440\u044b\u0445 \u043d\u0443\u0436\u0434\u0430\u044e\u0442\u0441\u044f \u043d\u0430\u0448\u0438 \u043a\u043b\u0438\u0435\u043d\u0442\u044b \u0432 \u0422\u0443\u0440\u0446\u0438\u0438 \u0438 \u0437\u0430 \u0440\u0443\u0431\u0435\u0436\u043e\u043c, \u0431\u0435\u0437 \u0443\u0449\u0435\u0440\u0431\u0430 \u0434\u043b\u044f \u043a\u0430\u0447\u0435\u0441\u0442\u0432\u0430 \u043d\u0430\u0448\u0438\u0445 \u0443\u0441\u043b\u0443\u0433.<\/p><p>\u00a0<\/p><p>\u0427\u043b\u0435\u043d\u044b \u043d\u0430\u0448\u0435\u0439 \u043a\u043e\u043c\u0430\u043d\u0434\u044b, \u043f\u0440\u0438\u043d\u0438\u043c\u0430\u044e\u0449\u0438\u0435 \u0443\u0447\u0430\u0441\u0442\u0438\u0435 \u0432 \u043e\u043a\u0430\u0437\u0430\u043d\u0438\u0438 \u043f\u0435\u0440\u0435\u0432\u043e\u0434\u0447\u0435\u0441\u043a\u0438\u0445 \u0443\u0441\u043b\u0443\u0433, \u043a\u043e\u0442\u043e\u0440\u044b\u0435 \u043c\u044b \u043f\u0440\u0435\u0434\u043b\u0430\u0433\u0430\u0435\u043c \u043d\u0430\u0448\u0438\u043c \u043a\u043b\u0438\u0435\u043d\u0442\u0430\u043c, \u0445\u043e\u0440\u043e\u0448\u043e \u043e\u0431\u0440\u0430\u0437\u043e\u0432\u0430\u043d\u044b, \u043e\u0431\u043b\u0430\u0434\u0430\u044e\u0442 \u0441\u0438\u043b\u044c\u043d\u044b\u043c\u0438 \u043a\u043e\u043c\u043c\u0443\u043d\u0438\u043a\u0430\u0442\u0438\u0432\u043d\u044b\u043c\u0438 \u043d\u0430\u0432\u044b\u043a\u0430\u043c\u0438, \u043f\u0440\u043e\u0448\u043b\u0438 \u043e\u0431\u0443\u0447\u0435\u043d\u0438\u0435 \u043f\u043e \u0441\u043e\u043e\u0442\u0432\u0435\u0442\u0441\u0442\u0432\u0443\u044e\u0449\u0438\u043c \u043f\u0440\u0435\u0434\u043c\u0435\u0442\u0430\u043c \u0434\u043b\u044f \u043e\u0431\u0435\u0441\u043f\u0435\u0447\u0435\u043d\u0438\u044f \u043f\u0440\u0430\u0432\u0438\u043b\u044c\u043d\u043e\u0439 \u0440\u0435\u043a\u043b\u0430\u043c\u044b, \u0432\u043d\u0438\u043c\u0430\u0442\u0435\u043b\u044c\u043d\u043e \u0441\u043b\u0435\u0434\u044f\u0442 \u0437\u0430 \u0440\u0430\u0437\u0432\u0438\u0442\u0438\u0435\u043c \u0442\u0435\u0445\u043d\u043e\u043b\u043e\u0433\u0438\u0439 \u0438 \u0445\u043e\u0440\u043e\u0448\u043e \u0437\u043d\u0430\u044e\u0442 \u0442\u0440\u0430\u0434\u0438\u0446\u0438\u0438 \u0438 \u043a\u0443\u043b\u044c\u0442\u0443\u0440\u0443 \u0441\u043e\u043e\u0442\u0432\u0435\u0442\u0441\u0442\u0432\u0443\u044e\u0449\u0438\u0445 \u0441\u0442\u0440\u0430\u043d. \u041d\u0430\u0448\u0438 \u0443\u0441\u043b\u0443\u0433\u0438 \u043f\u043e \u043f\u0435\u0440\u0435\u0432\u043e\u0434\u0443 \u0432\u043a\u043b\u044e\u0447\u0430\u044e\u0442 \u043a\u043e\u043d\u0442\u0440\u0430\u043a\u0442\u044b, \u0442\u0435\u043d\u0434\u0435\u0440\u043d\u0443\u044e \u0434\u043e\u043a\u0443\u043c\u0435\u043d\u0442\u0430\u0446\u0438\u044e, \u0433\u043e\u0434\u043e\u0432\u044b\u0435 \u043e\u0442\u0447\u0435\u0442\u044b, \u0442\u0435\u0445\u043d\u0438\u0447\u0435\u0441\u043a\u0438\u0435 \u0441\u043f\u0435\u0446\u0438\u0444\u0438\u043a\u0430\u0446\u0438\u0438, \u0440\u0443\u043a\u043e\u0432\u043e\u0434\u0441\u0442\u0432\u0430 \u043f\u043e \u043a\u043e\u043d\u0442\u0440\u043e\u043b\u044e \u043a\u0430\u0447\u0435\u0441\u0442\u0432\u0430, \u0431\u0440\u043e\u0448\u044e\u0440\u044b \u043e \u043f\u0440\u043e\u0434\u0443\u043a\u0446\u0438\u0438, \u0444\u0430\u0439\u043b\u044b \u043f\u0440\u043e\u0433\u0440\u0430\u043c\u043c\u043d\u043e\u0433\u043e \u043e\u0431\u0435\u0441\u043f\u0435\u0447\u0435\u043d\u0438\u044f \u0438 \u043f\u0430\u0442\u0435\u043d\u0442\u044b \u0432\u043e \u043c\u043d\u043e\u0433\u0438\u0445 \u043e\u0431\u043b\u0430\u0441\u0442\u044f\u0445, \u0442\u0430\u043a\u0438\u0445 \u043a\u0430\u043a \u0441\u0442\u0440\u0430\u0445\u043e\u0432\u0430\u043d\u0438\u0435, \u0442\u0435\u0445\u043d\u0438\u0447\u0435\u0441\u043a\u0438\u0435, \u0444\u0438\u043d\u0430\u043d\u0441\u043e\u0432\u044b\u0435, \u043c\u0435\u0434\u0438\u0446\u0438\u043d\u0441\u043a\u0438\u0435, \u044e\u0440\u0438\u0434\u0438\u0447\u0435\u0441\u043a\u0438\u0435 \u0438 \u0430\u043a\u0430\u0434\u0435\u043c\u0438\u0447\u0435\u0441\u043a\u0438\u0435 \u0443\u0441\u043b\u0443\u0433\u0438. \u041f\u043e\u043c\u0438\u043c\u043e \u044d\u0442\u043e\u0433\u043e, Fiaco Global \u0442\u0430\u043a\u0436\u0435 \u043f\u0440\u0435\u0434\u043e\u0441\u0442\u0430\u0432\u043b\u044f\u0435\u0442 \u0441\u0432\u043e\u0438\u043c \u043a\u043b\u0438\u0435\u043d\u0442\u0430\u043c \u043a\u043e\u043d\u0441\u0443\u043b\u044c\u0442\u0430\u0446\u0438\u043e\u043d\u043d\u044b\u0435 \u0443\u0441\u043b\u0443\u0433\u0438.<\/p><p>\u00a0<\/p><p>\u0412 \u0440\u0430\u043c\u043a\u0430\u0445 \u044d\u0442\u0438\u0445 \u0443\u0441\u043b\u0443\u0433 \u043c\u044b \u043f\u0440\u043e\u0434\u043e\u043b\u0436\u0430\u0435\u043c \u043e\u043a\u0430\u0437\u044b\u0432\u0430\u0442\u044c \u0443\u0441\u043b\u0443\u0433\u0438 \u0432 \u0441\u0430\u043c\u044b\u0445 \u0440\u0430\u0437\u043d\u044b\u0445 \u043e\u0431\u043b\u0430\u0441\u0442\u044f\u0445 - \u043e\u0442 \u043e\u0444\u043e\u0440\u043c\u043b\u0435\u043d\u0438\u044f \u0432\u0438\u0437 \u0434\u043e \u0431\u0440\u043e\u043d\u0438\u0440\u043e\u0432\u0430\u043d\u0438\u044f\n\n\u043e\u0442\u0435\u043b\u0435\u0439, \u0432 \u043a\u043e\u0442\u043e\u0440\u044b\u0445 \u0431\u0443\u0434\u0435\u0442 \u043e\u0441\u0443\u0449\u0435\u0441\u0442\u0432\u043b\u044f\u0442\u044c\u0441\u044f \u043f\u0440\u043e\u0436\u0438\u0432\u0430\u043d\u0438\u0435, \u043e\u0442 \u0430\u0432\u0438\u0430\u0431\u0438\u043b\u0435\u0442\u043e\u0432 \u0434\u043e \u0431\u0440\u043e\u043d\u0438\u0440\u043e\u0432\u0430\u043d\u0438\u044f \u0430\u0432\u0442\u043e\u043c\u043e\u0431\u0438\u043b\u0435\u0439. \u041a\u043e\u043c\u043f\u0430\u043d\u0438\u044f Fiaco Global, \u043e\u0431\u0441\u043b\u0443\u0436\u0438\u0432\u0430\u044e\u0449\u0430\u044f \u0441\u0432\u043e\u0438\u0445 \u043a\u043b\u0438\u0435\u043d\u0442\u043e\u0432 \u0432 \u0440\u0430\u043c\u043a\u0430\u0445 \u043c\u043d\u043e\u0433\u0438\u0445 \u0442\u0432\u043e\u0440\u0447\u0435\u0441\u043a\u0438\u0445 \u043f\u0440\u043e\u0435\u043a\u0442\u043e\u0432, \u043f\u0440\u0435\u0434\u043b\u0430\u0433\u0430\u0435\u0442 \u0441\u0432\u043e\u0438\u043c \u043a\u043b\u0438\u0435\u043d\u0442\u0430\u043c \u043a\u0430\u043a \u044d\u043a\u043e\u043d\u043e\u043c\u0438\u0447\u0435\u0441\u043a\u0438\u0435 \u0443\u0441\u043b\u0443\u0433\u0438, \u0442\u0430\u043a \u0438 VIP-\u0443\u0441\u043b\u0443\u0433\u0438. \u041d\u0430\u0438\u0431\u043e\u043b\u0435\u0435 \u0432\u0430\u0436\u043d\u043e\u0439 \u043e\u0441\u043e\u0431\u0435\u043d\u043d\u043e\u0441\u0442\u044c\u044e \u043f\u0440\u0435\u0434\u043e\u0441\u0442\u0430\u0432\u043b\u044f\u0435\u043c\u044b\u0445 \u043d\u0430\u043c\u0438 \u0443\u0441\u043b\u0443\u0433 \u043f\u043e \u0441\u043e\u043f\u0440\u043e\u0432\u043e\u0436\u0434\u0435\u043d\u0438\u044e \u044f\u0432\u043b\u044f\u0435\u0442\u0441\u044f \u0442\u043e, \u0447\u0442\u043e \u043c\u044b \u043f\u043b\u0430\u043d\u0438\u0440\u0443\u0435\u043c \u043f\u0443\u0442\u0435\u0448\u0435\u0441\u0442\u0432\u0438\u044f \u043d\u0430\u0448\u0438\u0445 \u043a\u043b\u0438\u0435\u043d\u0442\u043e\u0432 \u0441\u043e \u0432\u0441\u0435\u043c\u0438 \u0434\u0435\u0442\u0430\u043b\u044f\u043c\u0438, \u043d\u0435\u0437\u0430\u0432\u0438\u0441\u0438\u043c\u043e \u043e\u0442 \u0442\u043e\u0433\u043e, \u044f\u0432\u043b\u044f\u044e\u0442\u0441\u044f \u043b\u0438 \u043e\u043d\u0438 \u0438\u043d\u0434\u0438\u0432\u0438\u0434\u0443\u0430\u043b\u044c\u043d\u044b\u043c\u0438 \u0438\u043b\u0438 \u043a\u043e\u0440\u043f\u043e\u0440\u0430\u0442\u0438\u0432\u043d\u044b\u043c\u0438. \u042d\u0442\u0438 \u043f\u043b\u0430\u043d\u044b \u0432\u043a\u043b\u044e\u0447\u0430\u044e\u0442 \u0432 \u0441\u0435\u0431\u044f \u043e\u0444\u043e\u0440\u043c\u043b\u0435\u043d\u0438\u0435 \u0434\u043e\u043a\u0443\u043c\u0435\u043d\u0442\u043e\u0432, \u0442\u0430\u043a\u0438\u0445 \u043a\u0430\u043a \u0432\u0438\u0437\u0430 \u0438\u043b\u0438 \u043f\u0430\u0441\u043f\u043e\u0440\u0442, \u0430 \u0442\u0430\u043a\u0436\u0435 \u0441\u043e\u0446\u0438\u0430\u043b\u044c\u043d\u044b\u0435 \u043c\u0435\u0440\u043e\u043f\u0440\u0438\u044f\u0442\u0438\u044f \u0438\u043b\u0438 \u043a\u0443\u043b\u044c\u0442\u0443\u0440\u043d\u044b\u0435 \u043f\u043e\u0435\u0437\u0434\u043a\u0438. \u0412 \u0434\u043e\u043f\u043e\u043b\u043d\u0435\u043d\u0438\u0435 \u043a \u044d\u0442\u043e\u043c\u0443, \u0431\u043b\u0430\u0433\u043e\u0434\u0430\u0440\u044f \u043d\u0430\u0448\u0438\u043c \u044d\u043a\u0441\u043a\u043b\u044e\u0437\u0438\u0432\u043d\u044b\u043c VIP-\u0443\u0441\u043b\u0443\u0433\u0430\u043c, \u043a\u043e\u0442\u043e\u0440\u044b\u0435 \u043c\u044b \u0441\u043f\u0435\u0446\u0438\u0430\u043b\u044c\u043d\u043e \u0440\u0430\u0437\u0440\u0430\u0431\u043e\u0442\u0430\u043b\u0438 \u0434\u043b\u044f \u043d\u0430\u0448\u0438\u0445 \u043a\u043b\u0438\u0435\u043d\u0442\u043e\u0432 \u043a\u043b\u0430\u0441\u0441\u0430 \u0410, \u043c\u044b \u0442\u0430\u043a\u0436\u0435 \u043f\u0440\u0435\u0434\u043e\u0441\u0442\u0430\u0432\u043b\u044f\u0435\u043c \u0443\u0441\u043b\u0443\u0433\u0438, \u043a\u043e\u0442\u043e\u0440\u044b\u0435 \u043d\u0430\u0447\u0438\u043d\u0430\u044e\u0442\u0441\u044f \u043e\u0442 \u0432\u044b\u0445\u043e\u0434\u0430 \u0441\u0430\u043c\u043e\u043b\u0435\u0442\u0430 \u043f\u043e \u043f\u0440\u0438\u043b\u0435\u0442\u0443 \u0438 \u0437\u0430\u043a\u0430\u043d\u0447\u0438\u0432\u0430\u044e\u0442\u0441\u044f \u0443 \u0432\u044b\u0445\u043e\u0434\u0430 \u0441\u0430\u043c\u043e\u043b\u0435\u0442\u0430 \u043f\u043e \u0432\u043e\u0437\u0432\u0440\u0430\u0449\u0435\u043d\u0438\u044e, \u0438 \u043f\u0440\u0435\u0434\u043e\u0441\u0442\u0430\u0432\u043b\u044f\u0435\u043c VIP-\u043e\u0431\u0441\u043b\u0443\u0436\u0438\u0432\u0430\u043d\u0438\u0435 \u043d\u0430 \u0432\u0441\u0435\u0445 \u044d\u0442\u0430\u043f\u0430\u0445 \u043c\u0435\u0436\u0434\u0443 \u043d\u0438\u043c\u0438.<\/p>\t\t\t\t\t\t\t\t<\/div>\n\t\t\t\t<\/div>\n\t\t\t\t\t<\/div>\n\t\t<\/div>\n\t\t\t\t\t<\/div>\n\t\t<\/section>\n\t\t\t\t<\/div>","protected":false},"excerpt":{"rendered":"<p>Terc\u00fcmanl\u0131k &amp; Rehberlik Hizmetleri Globalle\u015fen d\u00fcnyada s\u0131n\u0131rlar\u0131n tamamen ortadan kalkmas\u0131 sayesinde dil bilimsel ve k\u00fclt\u00fcrel farkl\u0131l\u0131klar\u0131n da ortadan kald\u0131r\u0131larak dan\u0131\u015fanlar\u0131m\u0131z\u0131n h\u0131zl\u0131 ve do\u011fru bir \u015fekilde yat\u0131r\u0131mlar\u0131n\u0131 yapmalar\u0131 ve en kazan\u00e7l\u0131 \u015fekilde bu yat\u0131r\u0131mlar\u0131n\u0131 s\u00fcrd\u00fcrmeleri amac\u0131 ile kurulmu\u015f olan Fiaco Global, bu temel ilkesi kapsam\u0131nda dan\u0131\u015fanlar\u0131na&#8230;<\/p>","protected":false},"author":3,"featured_media":0,"parent":0,"menu_order":0,"comment_status":"closed","ping_status":"closed","template":"full_width.php","meta":{"footnotes":""},"class_list":["post-789","page","type-page","status-publish","hentry"],"_links":{"self":[{"href":"https:\/\/test.fiacoglobal.com.tr\/ru\/wp-json\/wp\/v2\/pages\/789","targetHints":{"allow":["GET"]}}],"collection":[{"href":"https:\/\/test.fiacoglobal.com.tr\/ru\/wp-json\/wp\/v2\/pages"}],"about":[{"href":"https:\/\/test.fiacoglobal.com.tr\/ru\/wp-json\/wp\/v2\/types\/page"}],"author":[{"embeddable":true,"href":"https:\/\/test.fiacoglobal.com.tr\/ru\/wp-json\/wp\/v2\/users\/3"}],"replies":[{"embeddable":true,"href":"https:\/\/test.fiacoglobal.com.tr\/ru\/wp-json\/wp\/v2\/comments?post=789"}],"version-history":[{"count":0,"href":"https:\/\/test.fiacoglobal.com.tr\/ru\/wp-json\/wp\/v2\/pages\/789\/revisions"}],"wp:attachment":[{"href":"https:\/\/test.fiacoglobal.com.tr\/ru\/wp-json\/wp\/v2\/media?parent=789"}],"curies":[{"name":"wp","href":"https:\/\/api.w.org\/{rel}","templated":true}]}}