{"id":799,"date":"2021-12-09T16:08:22","date_gmt":"2021-12-09T13:08:22","guid":{"rendered":"https:\/\/fiacoglobal.com\/?page_id=799"},"modified":"2022-02-15T22:29:17","modified_gmt":"2022-02-15T19:29:17","slug":"yatirim-destek-tesvik-hizmetleri","status":"publish","type":"page","link":"https:\/\/test.fiacoglobal.com.tr\/fa\/yatirim-destek-tesvik-hizmetleri\/","title":{"rendered":"I\u062e\u062f\u0645\u0627\u062a \u062d\u0645\u0627\u06cc\u062a\u06cc \u0648 \u062a\u0634\u0648\u06cc\u0642\u06cc \u0633\u0631\u0645\u0627\u06cc\u0647 \u06af\u0630\u0627\u0631\u06cc"},"content":{"rendered":"<div data-elementor-type=\"wp-page\" data-elementor-id=\"799\" class=\"elementor elementor-799\">\n\t\t\t\t\t\t<section class=\"elementor-section elementor-top-section elementor-element elementor-element-aefc794 elementor-section-boxed elementor-section-height-default elementor-section-height-default parallax_section_no qode_elementor_container_no\" data-id=\"aefc794\" data-element_type=\"section\" data-settings=\"{&quot;background_background&quot;:&quot;classic&quot;}\">\n\t\t\t\t\t\t\t<div class=\"elementor-background-overlay\"><\/div>\n\t\t\t\t\t\t\t<div class=\"elementor-container elementor-column-gap-default\">\n\t\t\t\t\t<div class=\"elementor-column elementor-col-100 elementor-top-column elementor-element elementor-element-2dbdcc1\" data-id=\"2dbdcc1\" data-element_type=\"column\">\n\t\t\t<div class=\"elementor-widget-wrap elementor-element-populated\">\n\t\t\t\t\t\t<div class=\"elementor-element elementor-element-464501f elementor-widget elementor-widget-text-editor\" data-id=\"464501f\" data-element_type=\"widget\" data-widget_type=\"text-editor.default\">\n\t\t\t\t<div class=\"elementor-widget-container\">\n\t\t\t\t\t\t\t\t\t<h3>\u062e\u062f\u0645\u0627\u062a \u062d\u0645\u0627\u06cc\u062a\u06cc \u0648 \u062a\u0634\u0648\u06cc\u0642\u06cc \u0633\u0631\u0645\u0627\u06cc\u0647 \u06af\u0630\u0627\u0631\u06cc<\/h3>\t\t\t\t\t\t\t\t<\/div>\n\t\t\t\t<\/div>\n\t\t\t\t<div class=\"elementor-element elementor-element-d7c002b elementor-widget elementor-widget-text-editor\" data-id=\"d7c002b\" data-element_type=\"widget\" data-widget_type=\"text-editor.default\">\n\t\t\t\t<div class=\"elementor-widget-container\">\n\t\t\t\t\t\t\t\t\t<p style=\"text-align: center;\">\u062f\u0631 \u06a9\u0634\u0648\u0631 \u0645\u0627 \u0645\u0634\u0648\u0642 \u0647\u0627\u06cc \u0645\u062e\u062a\u0644\u0641\u06cc \u0628\u0631\u0627\u06cc \u062d\u0645\u0627\u06cc\u062a \u0627\u0632 \u062a\u0648\u0644\u06cc\u062f \u0648 \u0627\u0641\u0632\u0627\u06cc\u0634 \u0633\u0631\u0645\u0627\u06cc\u0647 \u06af\u0630\u0627\u0631\u06cc \u0627\u0639\u0645\u0627\u0644 \u0645\u06cc \u0634\u0648\u062f. \u0627\u0631\u0632\u06cc\u0627\u0628\u06cc \u0635\u062d\u06cc\u062d \u0645\u0634\u0648\u0642 \u0647\u0627\u06cc \u0627\u0639\u0645\u0627\u0644 \u0634\u062f\u0647 \u062a\u0648\u0633\u0637 \u062f\u0648\u0644\u062a \u0628\u0631\u0627\u06cc \u0634\u0631\u06a9\u062a \u0647\u0627 \u0645\u0647\u0645 \u0627\u0633\u062a. \u0628\u0627 \u0627\u06cc\u0646 \u062d\u0627\u0644\u060c \u062a\u062f\u0627\u0648\u0645 \u0645\u0634\u0648\u0642 \u0647\u0627 \u0628\u0647 \u06af\u0648\u0646\u0647 \u0627\u06cc \u0645\u062a\u0641\u0627\u0648\u062a \u0628\u0631\u0627\u06cc \u0647\u0631 \u0628\u062e\u0634 \u0648 \u0634\u0631\u0627\u06cc\u0637 \u0627\u0639\u0645\u0627\u0644 \u0645\u06cc \u0634\u0648\u062f\u060c \u0641\u0631\u0622\u06cc\u0646\u062f \u062f\u0634\u0648\u0627\u0631\u06cc \u0628\u0631\u0627\u06cc \u0634\u0631\u06a9\u062a \u0647\u0627 \u0627\u0633\u062a. \u0627\u0632 \u062c\u0645\u0644\u0647 \u0645\u0634\u0648\u0642 \u0647\u0627\u06cc \u0627\u0639\u0645\u0627\u0644 \u0634\u062f\u0647 \u0628\u0631\u0627\u06cc \u0634\u0631\u06a9\u062a \u0647\u0627\u060c \u0639\u0646\u0627\u0648\u06cc\u0646 \u0627\u0635\u0644\u06cc \u0645\u0627\u0646\u0646\u062f \u062d\u0645\u0627\u06cc\u062a \u0627\u0632 \u0645\u0634\u0648\u0642 \u0633\u0631\u0645\u0627\u06cc\u0647 \u06af\u0630\u0627\u0631\u06cc\u060c \u06a9\u0627\u0647\u0634 \u0645\u0627\u0644\u06cc\u0627\u062a\u060c \u0645\u0639\u0627\u0641\u06cc\u062a \u0645\u0627\u0644\u06cc\u0627\u062a\u06cc \u06af\u0645\u0631\u06a9\u06cc \u0648 \u0645\u0639\u0627\u0641\u06cc\u062a \u0645\u0627\u0644\u06cc\u0627\u062a \u0628\u0631 \u0627\u0631\u0632\u0634 \u0627\u0641\u0632\u0648\u062f\u0647 \u0648\u062c\u0648\u062f \u062f\u0627\u0631\u062f. \u0627\u0632 \u062c\u0645\u0644\u0647 \u062d\u0645\u0627\u06cc\u062a\u200c\u0647\u0627\u06cc \u062a\u0634\u0648\u06cc\u0642\u06cc \u0633\u0631\u0645\u0627\u06cc\u0647\u200c\u06af\u0630\u0627\u0631\u06cc \u06a9\u0647 \u0628\u0647 \u0634\u0631\u06a9\u062a \u0627\u0631\u0627\u0626\u0647 \u0645\u06cc\u200c\u0634\u0648\u062f\u060c \u0645\u0632\u0627\u06cc\u0627\u06cc \u0628\u0633\u06cc\u0627\u0631\u06cc \u0627\u0632 \u062c\u0645\u0644\u0647 \u06a9\u0627\u0647\u0634 \u0645\u0627\u0644\u06cc\u0627\u062a\u060c \u0645\u0639\u0627\u0641\u06cc\u062a \u0645\u0627\u0644\u06cc\u0627\u062a \u0628\u0631 \u0627\u0631\u0632\u0634 \u0627\u0641\u0632\u0648\u062f\u0647 \u0648 \u06af\u0645\u0631\u06a9\u06cc\u060c \u0645\u0634\u0648\u0642\u200c\u0647\u0627\u06cc SSI\u060c \u062d\u0645\u0627\u06cc\u062a\u200c\u0647\u0627\u06cc \u0633\u0648\u062f \u0648 \u0633\u0647\u0645 \u0633\u0648\u062f \u0648 \u0632\u0645\u06cc\u0646 \u0633\u0631\u0645\u0627\u06cc\u0647\u200c\u06af\u0630\u0627\u0631\u06cc \u062f\u0631 \u0686\u0627\u0631\u0686\u0648\u0628 \u0645\u0634\u0648\u0642\u200c\u0647\u0627\u06cc \u0627\u0631\u0627\u0626\u0647 \u0634\u062f\u0647 \u062f\u0631 \u0686\u0627\u0631\u0686\u0648\u0628 \u06af\u0648\u0627\u0647\u06cc\u200c\u0647\u0627\u06cc \u062a\u0634\u0648\u06cc\u0642\u06cc \u0631\u0627 \u0627\u0631\u0627\u0626\u0647 \u0645\u06cc\u200c\u06a9\u0646\u062f. \u0639\u0644\u0627\u0648\u0647 \u0628\u0631 \u0627\u06cc\u0646\u060c \u062f\u0631 \u0645\u062d\u062f\u0648\u062f\u0647 \u0627\u0645\u06a9\u0627\u0646\u200c\u0633\u0646\u062c\u06cc\u060c \u0634\u0627\u0645\u0644 \u0627\u0637\u0644\u0627\u0639\u0627\u062a \u0645\u0631\u0628\u0648\u0637 \u0628\u0647 \u0632\u0645\u06cc\u0646\u060c \u0647\u0632\u06cc\u0646\u0647\u200c\u0647\u0627\u06cc \u0633\u0627\u062e\u062a \u0648 \u0633\u0627\u0632\u060c \u0644\u06cc\u0633\u062a \u0645\u0627\u0634\u06cc\u0646\u200c\u0622\u0644\u0627\u062a \u062f\u0627\u062e\u0644\u06cc \u0648 \u0648\u0627\u0631\u062f\u0627\u062a\u06cc\u060c \u0644\u06cc\u0633\u062a \u0645\u0627\u0634\u06cc\u0646\u200c\u0622\u0644\u0627\u062a \u062c\u0647\u0627\u0646\u06cc\u060c \u0647\u0632\u06cc\u0646\u0647\u200c\u0647\u0627\u06cc \u062a\u062c\u0647\u06cc\u0632\u0627\u062a \u0648 \u0646\u0631\u0645\u200c\u0627\u0641\u0632\u0627\u0631\u0647\u0627\u06cc \u0645\u0631\u062a\u0628\u0637 \u0648 \u0631\u0627\u0647\u200c\u0627\u0646\u062f\u0627\u0632\u06cc \u06a9\u0627\u0631\u062e\u0627\u0646\u0647 \u0645\u06cc\u200c\u0634\u0648\u062f.<\/p><p style=\"text-align: center;\"><br><\/p><p style=\"text-align: center;\"><br><\/p>\n<p><\/p>\n<h2>\u062e\u062f\u0645\u0627\u062a\u06cc \u06a9\u0647 \u0645\u0627 \u0627\u0631\u0627\u0626\u0647 \u0645\u06cc \u062f\u0647\u06cc\u0645<\/h2>\n<p><\/p>\n<ul>\n<li>\u2022 \u062a\u0639\u06cc\u06cc\u0646 \u0627\u06cc\u0646\u06a9\u0647 \u0622\u06cc\u0627 \u062d\u062f\u0627\u0642\u0644 \u0634\u0631\u0627\u06cc\u0637 \u0648 \u0645\u0648\u0636\u0648\u0639 \u0633\u0631\u0645\u0627\u06cc\u0647 \u06af\u0630\u0627\u0631\u06cc \u0645\u0646\u0627\u0633\u0628 \u0628\u0631\u0627\u06cc \u0645\u0646\u0637\u0642\u0647 \u0648 \u0628\u062e\u0634 \u0645\u0634\u0648\u0642 \u0633\u0631\u0645\u0627\u06cc\u0647 \u06af\u0630\u0627\u0631\u06cc \u0634\u0631\u06a9\u062a \u0647\u0627 \u0628\u0631\u0622\u0648\u0631\u062f\u0647 \u0645\u06cc \u0634\u0648\u062f.<\/li>\n<li>\u2022 \u0634\u0646\u0627\u0633\u0627\u06cc\u06cc \u0647\u0632\u06cc\u0646\u0647 \u0647\u0627\u06cc\u06cc \u0645\u0627\u0646\u0646\u062f \u0633\u0627\u062e\u062a\u0645\u0627\u0646\u060c \u0632\u0645\u06cc\u0646 \u06cc\u0627 \u0633\u0627\u062e\u062a \u0648 \u0633\u0627\u0632 \u06a9\u0647 \u0628\u0627\u06cc\u062f \u062f\u0631 \u0633\u0646\u062f \u0633\u0631\u0645\u0627\u06cc\u0647 \u06af\u0630\u0627\u0631\u06cc \u062f\u0631\u062c \u0634\u0648\u062f.<\/li>\n<li>\u2022 \u0628\u0631\u0627\u06cc \u0627\u0637\u0645\u06cc\u0646\u0627\u0646 \u0627\u0632 \u062a\u0647\u06cc\u0647 \u06af\u0632\u0627\u0631\u0634 \u0627\u0645\u06a9\u0627\u0646 \u0633\u0646\u062c\u06cc \u062f\u0631 \u0645\u062d\u062f\u0648\u062f\u0647 \u06af\u0648\u0627\u0647\u06cc \u0647\u0627\u06cc \u062a\u0634\u0648\u06cc\u0642\u06cc \u0633\u0631\u0645\u0627\u06cc\u0647 \u06af\u0630\u0627\u0631\u06cc\u060c<\/li>\n<li>\u2022 \u0627\u06cc\u062c\u0627\u062f \u0631\u0648\u06cc\u0647 \u0647\u0627\u06cc \u062f\u0631\u062e\u0648\u0627\u0633\u062a\u06cc \u0644\u0627\u0632\u0645 \u0628\u0631\u0627\u06cc \u0645\u0634\u0648\u0642 \u0647\u0627\u06cc \u0633\u0631\u0645\u0627\u06cc\u0647 \u06af\u0630\u0627\u0631\u06cc\u060c<\/li>\n<li>\u2022 \u062a\u062d\u0642\u0642 \u0633\u06cc\u0633\u062a\u0645\u0627\u062a\u06cc\u06a9 \u0647\u0632\u06cc\u0646\u0647 \u0647\u0627\u06cc \u0645\u0648\u0631\u062f \u0646\u06cc\u0627\u0632 \u0628\u0631\u0627\u06cc \u06af\u0648\u0627\u0647\u06cc \u0645\u0634\u0648\u0642 \u0633\u0631\u0645\u0627\u06cc\u0647 \u06af\u0630\u0627\u0631\u06cc\u060c<\/li>\n<li>\u2022 \u0627\u0646\u062c\u0627\u0645 \u062f\u0631\u062c \u0633\u0627\u0645\u0627\u0646\u0647 \u0648 \u0635\u062f\u0648\u0631 \u0641\u0627\u06a9\u062a\u0648\u0631 \u062f\u0631 \u0686\u0627\u0631\u0686\u0648\u0628 \u06af\u0648\u0627\u0647\u06cc \u0645\u0634\u0648\u0642 \u0633\u0631\u0645\u0627\u06cc\u0647 \u06af\u0630\u0627\u0631\u06cc.<\/li>\n<li>\u2022 \u0627\u06cc\u062c\u0627\u062f \u0645\u0639\u0627\u0641\u06cc\u062a \u0645\u0627\u0644\u06cc\u0627\u062a \u0628\u0631 \u0627\u0631\u0632\u0634 \u0627\u0641\u0632\u0648\u062f\u0647 \u062f\u0631 \u0645\u062d\u062f\u0648\u062f\u0647 \u06af\u0648\u0627\u0647\u06cc \u062a\u0634\u0648\u06cc\u0642 \u0633\u0631\u0645\u0627\u06cc\u0647 \u06af\u0630\u0627\u0631\u06cc\u060c<\/li>\n<li>\u2022 \u062d\u0635\u0648\u0644 \u0627\u0637\u0645\u06cc\u0646\u0627\u0646 \u0627\u0632 \u0627\u06cc\u0646\u06a9\u0647 \u0645\u0627\u0634\u06cc\u0646 \u0622\u0644\u0627\u062a \u062f\u0627\u0631\u0627\u06cc \u062a\u0634\u0631\u06cc\u0641\u0627\u062a \u06af\u0645\u0631\u06a9\u06cc \u06a9\u0647 \u062f\u0631 \u062d\u06cc\u0637\u0647 \u06af\u0648\u0627\u0647\u06cc \u0647\u0627\u06cc \u0645\u0634\u0648\u0642 \u0633\u0631\u0645\u0627\u06cc\u0647 \u06af\u0630\u0627\u0631\u06cc \u0647\u0633\u062a\u0646\u062f \u062f\u0631 \u06af\u0648\u0627\u0647\u06cc \u0645\u0634\u0648\u0642 \u0633\u0631\u0645\u0627\u06cc\u0647 \u06af\u0630\u0627\u0631\u06cc \u0645\u0646\u0639\u06a9\u0633 \u0634\u062f\u0647 \u0627\u0646\u062f.<\/li>\n<li>\u2022 \u062a\u062c\u062f\u06cc\u062f \u0646\u0638\u0631 \u062f\u0631 \u0645\u0634\u0648\u0642 \u0647\u0627\u06cc \u0633\u0631\u0645\u0627\u06cc\u0647 \u06af\u0630\u0627\u0631\u06cc\u060c<\/li>\n<li>\u2022 \u062a\u0645\u062f\u06cc\u062f \u0634\u0631\u0627\u06cc\u0637 \u06af\u0648\u0627\u0647\u06cc \u0647\u0627\u06cc \u062a\u0634\u0648\u06cc\u0642\u06cc \u0633\u0631\u0645\u0627\u06cc\u0647 \u06af\u0630\u0627\u0631\u06cc\u060c<\/li>\n<li>\u2022 \u0628\u0633\u062a\u0646 \u06af\u0648\u0627\u0647\u06cc \u0647\u0627\u06cc \u062a\u0634\u0648\u06cc\u0642\u06cc \u0633\u0631\u0645\u0627\u06cc\u0647 \u06af\u0630\u0627\u0631\u06cc\u060c<\/li>\n<li>\u2022 \u067e\u0631\u062f\u0627\u0632\u0634 \u0648\u06cc\u0632\u0627\u06cc \u062a\u06a9\u0645\u06cc\u0644 \u06af\u0648\u0627\u0647\u06cc \u0647\u0627\u06cc \u062a\u0634\u0648\u06cc\u0642\u06cc \u0633\u0631\u0645\u0627\u06cc\u0647 \u06af\u0630\u0627\u0631\u06cc.<\/li>\n<\/ul>\t\t\t\t\t\t\t\t<\/div>\n\t\t\t\t<\/div>\n\t\t\t\t\t<\/div>\n\t\t<\/div>\n\t\t\t\t\t<\/div>\n\t\t<\/section>\n\t\t\t\t<\/div>","protected":false},"excerpt":{"rendered":"<p>Yat\u0131r\u0131m Destek &amp; Te\u015fvik Hizmetleri \u00dclkemizde \u00fcretimin desteklenmesi ve yat\u0131r\u0131mlar\u0131n art\u0131r\u0131lmas\u0131 i\u00e7in bir\u00e7ok farkl\u0131 te\u015fvik uygulanmaktad\u0131r. Devlet taraf\u0131ndan uygulanan te\u015fviklerin do\u011fru bir \u015fekilde de\u011ferlendirmesi ise \u015firketler a\u00e7\u0131s\u0131ndan \u00f6nemli olmaktad\u0131r. Ancak her sekt\u00f6re ve ko\u015fula farkl\u0131 olarak uygulanan te\u015fviklerin devam edilmesi \u015firketler a\u00e7\u0131s\u0131ndan zorlu bir s\u00fcre\u00e7&#8230;<\/p>","protected":false},"author":3,"featured_media":0,"parent":0,"menu_order":0,"comment_status":"closed","ping_status":"closed","template":"full_width.php","meta":{"footnotes":""},"class_list":["post-799","page","type-page","status-publish","hentry"],"_links":{"self":[{"href":"https:\/\/test.fiacoglobal.com.tr\/fa\/wp-json\/wp\/v2\/pages\/799","targetHints":{"allow":["GET"]}}],"collection":[{"href":"https:\/\/test.fiacoglobal.com.tr\/fa\/wp-json\/wp\/v2\/pages"}],"about":[{"href":"https:\/\/test.fiacoglobal.com.tr\/fa\/wp-json\/wp\/v2\/types\/page"}],"author":[{"embeddable":true,"href":"https:\/\/test.fiacoglobal.com.tr\/fa\/wp-json\/wp\/v2\/users\/3"}],"replies":[{"embeddable":true,"href":"https:\/\/test.fiacoglobal.com.tr\/fa\/wp-json\/wp\/v2\/comments?post=799"}],"version-history":[{"count":0,"href":"https:\/\/test.fiacoglobal.com.tr\/fa\/wp-json\/wp\/v2\/pages\/799\/revisions"}],"wp:attachment":[{"href":"https:\/\/test.fiacoglobal.com.tr\/fa\/wp-json\/wp\/v2\/media?parent=799"}],"curies":[{"name":"wp","href":"https:\/\/api.w.org\/{rel}","templated":true}]}}