{"id":287,"date":"2021-02-17T22:27:50","date_gmt":"2021-02-17T19:27:50","guid":{"rendered":"https:\/\/bridge419.qodeinteractive.com\/?page_id=287"},"modified":"2023-07-04T22:59:15","modified_gmt":"2023-07-04T19:59:15","slug":"hakkimizda","status":"publish","type":"page","link":"https:\/\/test.fiacoglobal.com.tr\/fa\/hakkimizda\/","title":{"rendered":"\u0628\u0631\u0627\u06cc \u062a\u0648\u0644\u06cc\u062f \u06a9\u0627\u0631 \u062d\u0631\u0641\u0647 \u0627\u06cc \u0648 \u0631\u0627\u0647 \u062d\u0644 \u0647\u0627\u06cc \u0634\u0631\u06a9\u062a\u06cc."},"content":{"rendered":"<div data-elementor-type=\"wp-page\" data-elementor-id=\"287\" class=\"elementor elementor-287\">\n\t\t\t\t\t\t<section class=\"elementor-section elementor-top-section elementor-element elementor-element-bf758e1 elementor-section-full_width qode_elementor_container_inner elementor-section-height-default elementor-section-height-default parallax_section_no\" data-id=\"bf758e1\" data-element_type=\"section\">\n\t\t\t\t\t\t<div class=\"elementor-container elementor-column-gap-default\">\n\t\t\t\t\t<div class=\"elementor-column elementor-col-50 elementor-top-column elementor-element elementor-element-0f581a3\" data-id=\"0f581a3\" data-element_type=\"column\">\n\t\t\t<div class=\"elementor-widget-wrap elementor-element-populated\">\n\t\t\t\t\t\t<div class=\"elementor-element elementor-element-619acca elementor-widget elementor-widget-image\" data-id=\"619acca\" data-element_type=\"widget\" data-widget_type=\"image.default\">\n\t\t\t\t<div class=\"elementor-widget-container\">\n\t\t\t\t\t\t\t\t\t\t\t\t\t\t\t<img fetchpriority=\"high\" decoding=\"async\" width=\"475\" height=\"576\" src=\"https:\/\/test.fiacoglobal.com.tr\/wp-content\/uploads\/2021\/02\/about-image-1-1.jpg\" class=\"attachment-full size-full wp-image-296\" alt=\"g\" srcset=\"https:\/\/test.fiacoglobal.com.tr\/wp-content\/uploads\/2021\/02\/about-image-1-1.jpg 475w, https:\/\/test.fiacoglobal.com.tr\/wp-content\/uploads\/2021\/02\/about-image-1-1-247x300.jpg 247w\" sizes=\"(max-width: 475px) 100vw, 475px\" \/>\t\t\t\t\t\t\t\t\t\t\t\t\t\t\t<\/div>\n\t\t\t\t<\/div>\n\t\t\t\t\t<\/div>\n\t\t<\/div>\n\t\t\t\t<div class=\"elementor-column elementor-col-50 elementor-top-column elementor-element elementor-element-3dec471\" data-id=\"3dec471\" data-element_type=\"column\">\n\t\t\t<div class=\"elementor-widget-wrap elementor-element-populated\">\n\t\t\t\t\t\t<div class=\"elementor-element elementor-element-d475349 elementor-widget elementor-widget-heading\" data-id=\"d475349\" data-element_type=\"widget\" data-widget_type=\"heading.default\">\n\t\t\t\t<div class=\"elementor-widget-container\">\n\t\t\t\t\t<h6 class=\"elementor-heading-title elementor-size-default\">\u0645\u0639\u0644\u0648\u0645\u0627\u062a \u0639\u0646\u0627<\/h6>\t\t\t\t<\/div>\n\t\t\t\t<\/div>\n\t\t\t\t<div class=\"elementor-element elementor-element-dd8a8d8 elementor-widget elementor-widget-heading\" data-id=\"dd8a8d8\" data-element_type=\"widget\" data-widget_type=\"heading.default\">\n\t\t\t\t<div class=\"elementor-widget-container\">\n\t\t\t\t\t<h3 class=\"elementor-heading-title elementor-size-default\">\u0628\u0631\u0627\u06cc \u062a\u0648\u0644\u06cc\u062f \u06a9\u0627\u0631 \u062d\u0631\u0641\u0647 \u0627\u06cc \u0648 \u0631\u0627\u0647 \u062d\u0644 \u0647\u0627\u06cc \u0634\u0631\u06a9\u062a\u06cc.<\/h3>\t\t\t\t<\/div>\n\t\t\t\t<\/div>\n\t\t\t\t<div class=\"elementor-element elementor-element-608e2d5 elementor-widget elementor-widget-spacer\" data-id=\"608e2d5\" data-element_type=\"widget\" data-widget_type=\"spacer.default\">\n\t\t\t\t<div class=\"elementor-widget-container\">\n\t\t\t\t\t\t\t<div class=\"elementor-spacer\">\n\t\t\t<div class=\"elementor-spacer-inner\"><\/div>\n\t\t<\/div>\n\t\t\t\t\t\t<\/div>\n\t\t\t\t<\/div>\n\t\t\t\t<div class=\"elementor-element elementor-element-e85b21c elementor-widget elementor-widget-text-editor\" data-id=\"e85b21c\" data-element_type=\"widget\" data-widget_type=\"text-editor.default\">\n\t\t\t\t<div class=\"elementor-widget-container\">\n\t\t\t\t\t\t\t\t\t<p>\u0642\u0628\u0644 \u0627\u0632 \u0634\u0631\u0648\u0639 \u06a9\u0627\u0631 \u0628\u0627 \u0647\u0645\u060c \u0628\u0647 \u0634\u0645\u0627 \u06af\u0648\u0634 \u0645\u06cc \u062f\u0647\u06cc\u0645 \u0648 \u0627\u0647\u062f\u0627\u0641\u06cc \u0631\u0627 \u06a9\u0647 \u0628\u0631\u0627\u06cc \u0634\u0645\u0627 \u0645\u0646\u0627\u0633\u0628 \u0627\u0633\u062a \u062a\u0639\u06cc\u06cc\u0646 \u0645\u06cc \u06a9\u0646\u06cc\u0645. \u0645\u0627 \u0641\u0631\u0622\u06cc\u0646\u062f\u0647\u0627\u06cc \u0645\u0627\u0644\u06cc\u060c \u062d\u0633\u0627\u0628\u062f\u0627\u0631\u06cc \u0648 \u0645\u0634\u0627\u0648\u0631\u0647 \u0634\u0645\u0627 \u0631\u0627 \u0628\u0627 \u0645\u0634\u0627\u0631\u06a9\u062a \u062a\u062c\u0627\u0631\u06cc \u062e\u0648\u062f \u0645\u062f\u06cc\u0631\u06cc\u062a \u0645\u06cc \u06a9\u0646\u06cc\u0645.<\/p>\n<p><br><\/p>\n<p>\u0634\u0631\u06a9\u062a \u0641\u06cc\u0627\u06a9\u0648 \u06af\u0644\u0648\u0628\u0627\u0644 \u062a\u062d\u0642\u06cc\u0642 \u0648 \u062a\u0648\u0633\u0639\u0647 5746 \u062f\u0631 \u0645\u062d\u062f\u0648\u062f\u0647 \u062e\u062f\u0645\u0627\u062a \u0645\u0634\u0627\u0648\u0631\u0647 \u0645\u0627\u0644\u06cc\u060c \u0641\u0639\u0627\u0644\u06cc\u062a \u062e\u0648\u062f \u0631\u0627 \u062f\u0631 \u0632\u0645\u06cc\u0646\u0647 \u062d\u0633\u0627\u0628\u062f\u0627\u0631\u06cc \u0645\u0634\u0648\u0642 \u0647\u0627\u06cc \u062f\u0648\u0644\u062a\u06cc \u0645\u0637\u0627\u0628\u0642 \u0628\u0627 \u0642\u0648\u0627\u0646\u06cc\u0646 \u0648 \u0627\u0631\u0627\u0626\u0647 \u062e\u062f\u0645\u0627\u062a \u0645\u0634\u0627\u0648\u0631\u0647 \u0627\u06cc \u0627\u062f\u0627\u0645\u0647 \u0645\u06cc \u062f\u0647\u062f.<\/p>\n<p><br><\/p>\n<p>\u0647\u0645\u0686\u0646\u06cc\u0646 \u062e\u062f\u0645\u0627\u062a\u06cc \u0631\u0627 \u062f\u0631 \u0632\u0645\u06cc\u0646\u0647 \u0645\u0634\u0627\u0648\u0631\u0647 \u0645\u062f\u06cc\u0631\u06cc\u062a\u060c \u0645\u0634\u0648\u0642 \u0647\u0627\u06cc \u062f\u0648\u0644\u062a\u06cc\u060c \u0645\u0627\u0644\u06cc\u0627\u062a\u060c \u0627\u0645\u0648\u0631 \u0645\u0627\u0644\u06cc\u060c \u062d\u0633\u0627\u0628\u062f\u0627\u0631\u06cc \u0648 \u0633\u0627\u06cc\u0631 \u0632\u0645\u06cc\u0646\u0647 \u0647\u0627\u06cc\u06cc \u06a9\u0647 \u0645\u0645\u06a9\u0646 \u0627\u0633\u062a \u0628\u0647 \u0622\u0646\u0647\u0627 \u0646\u06cc\u0627\u0632 \u062f\u0627\u0634\u062a\u0647 \u0628\u0627\u0634\u0646\u062f \u0628\u0647 \u0645\u0634\u062a\u0631\u06cc\u0627\u0646 \u062e\u0648\u062f \u0627\u0631\u0627\u0626\u0647 \u0645\u06cc \u062f\u0647\u062f.<\/p>\t\t\t\t\t\t\t\t<\/div>\n\t\t\t\t<\/div>\n\t\t\t\t<div class=\"elementor-element elementor-element-fbf6ff9 elementor-widget elementor-widget-spacer\" data-id=\"fbf6ff9\" data-element_type=\"widget\" data-widget_type=\"spacer.default\">\n\t\t\t\t<div class=\"elementor-widget-container\">\n\t\t\t\t\t\t\t<div class=\"elementor-spacer\">\n\t\t\t<div class=\"elementor-spacer-inner\"><\/div>\n\t\t<\/div>\n\t\t\t\t\t\t<\/div>\n\t\t\t\t<\/div>\n\t\t\t\t\t<\/div>\n\t\t<\/div>\n\t\t\t\t\t<\/div>\n\t\t<\/section>\n\t\t\t\t<section class=\"elementor-section elementor-top-section elementor-element elementor-element-6f2e387 elementor-section-full_width elementor-hidden-desktop elementor-hidden-tablet elementor-hidden-mobile elementor-section-height-default elementor-section-height-default parallax_section_no qode_elementor_container_no\" data-id=\"6f2e387\" data-element_type=\"section\" data-settings=\"{&quot;background_background&quot;:&quot;classic&quot;}\">\n\t\t\t\t\t\t<div class=\"elementor-container elementor-column-gap-default\">\n\t\t\t\t\t<div class=\"elementor-column elementor-col-100 elementor-top-column elementor-element elementor-element-ed81254\" data-id=\"ed81254\" data-element_type=\"column\">\n\t\t\t<div class=\"elementor-widget-wrap elementor-element-populated\">\n\t\t\t\t\t\t<section class=\"elementor-section elementor-inner-section elementor-element elementor-element-9443f42 elementor-section-full_width qode_elementor_container_inner elementor-section-height-default elementor-section-height-default parallax_section_no\" data-id=\"9443f42\" data-element_type=\"section\">\n\t\t\t\t\t\t<div class=\"elementor-container elementor-column-gap-default\">\n\t\t\t\t\t<div class=\"elementor-column elementor-col-100 elementor-inner-column elementor-element elementor-element-a4427bb\" data-id=\"a4427bb\" data-element_type=\"column\">\n\t\t\t<div class=\"elementor-widget-wrap elementor-element-populated\">\n\t\t\t\t\t\t<div class=\"elementor-element elementor-element-11c82f32 elementor-widget elementor-widget-bridge_clients\" data-id=\"11c82f32\" data-element_type=\"widget\" data-widget_type=\"bridge_clients.default\">\n\t\t\t\t<div class=\"elementor-widget-container\">\n\t\t\t\t\t\n        <div class=\"qode_clients clearfix five_columns qode_clients_switch_images qode_clients_switch_fade qode_clients_separators_disabled\">\n\n            <div class=\"qode_client_holder\"><div class=\"qode_client_holder_inner\"><div class=\"qode_client_image_holder\"><a itemprop=\"url\" href=\"javascript: void(0)\" target=\"_self\"><img decoding=\"async\" itemprop=\"image\" class=\"qode_client_main_image\" src=\"https:\/\/test.fiacoglobal.com.tr\/wp-content\/uploads\/2021\/02\/client-1.png\" alt=\"s\" \/><img decoding=\"async\" itemprop=\"image\" class=\"qode_client_hover_image\" src=\"https:\/\/test.fiacoglobal.com.tr\/wp-content\/uploads\/2021\/02\/client-1a.png\" alt=\"d\" \/><\/a><\/div><div class=\"qode_client_image_hover\"><\/div><\/div><\/div><div class=\"qode_client_holder\"><div class=\"qode_client_holder_inner\"><div class=\"qode_client_image_holder\"><a itemprop=\"url\" href=\"javascript: void(0)\" target=\"_self\"><img decoding=\"async\" itemprop=\"image\" class=\"qode_client_main_image\" src=\"https:\/\/test.fiacoglobal.com.tr\/wp-content\/uploads\/2021\/02\/logo-dark.png\" alt=\"d\" \/><img decoding=\"async\" itemprop=\"image\" class=\"qode_client_hover_image\" src=\"https:\/\/test.fiacoglobal.com.tr\/wp-content\/uploads\/2021\/02\/client-2.png\" alt=\"d\" \/><\/a><\/div><div class=\"qode_client_image_hover\"><\/div><\/div><\/div><div class=\"qode_client_holder\"><div class=\"qode_client_holder_inner\"><div class=\"qode_client_image_holder\"><a itemprop=\"url\" href=\"javascript: void(0)\" target=\"_self\"><img decoding=\"async\" itemprop=\"image\" class=\"qode_client_main_image\" src=\"https:\/\/test.fiacoglobal.com.tr\/wp-content\/uploads\/2021\/02\/footer-image.jpg\" alt=\"d\" \/><img decoding=\"async\" itemprop=\"image\" class=\"qode_client_hover_image\" src=\"https:\/\/test.fiacoglobal.com.tr\/wp-content\/uploads\/2021\/02\/client-2a.png\" alt=\"d\" \/><\/a><\/div><div class=\"qode_client_image_hover\"><\/div><\/div><\/div><div class=\"qode_client_holder\"><div class=\"qode_client_holder_inner\"><div class=\"qode_client_image_holder\"><a itemprop=\"url\" href=\"javascript: void(0)\" target=\"_self\"><img decoding=\"async\" itemprop=\"image\" class=\"qode_client_main_image\" src=\"https:\/\/test.fiacoglobal.com.tr\/wp-content\/uploads\/2021\/02\/client-3.png\" alt=\"d\" \/><img decoding=\"async\" itemprop=\"image\" class=\"qode_client_hover_image\" src=\"https:\/\/test.fiacoglobal.com.tr\/wp-content\/uploads\/2021\/02\/client-3a.png\" alt=\"d\" \/><\/a><\/div><div class=\"qode_client_image_hover\"><\/div><\/div><\/div><div class=\"qode_client_holder\"><div class=\"qode_client_holder_inner\"><div class=\"qode_client_image_holder\"><a itemprop=\"url\" href=\"javascript: void(0)\" target=\"_self\"><img decoding=\"async\" itemprop=\"image\" class=\"qode_client_main_image\" src=\"https:\/\/test.fiacoglobal.com.tr\/wp-content\/uploads\/2021\/02\/client-1.png\" alt=\"s\" \/><img decoding=\"async\" itemprop=\"image\" class=\"qode_client_hover_image\" src=\"https:\/\/test.fiacoglobal.com.tr\/wp-content\/uploads\/2021\/02\/client-1a.png\" alt=\"d\" \/><\/a><\/div><div class=\"qode_client_image_hover\"><\/div><\/div><\/div>\n        <\/div>\n\n        \t\t\t\t<\/div>\n\t\t\t\t<\/div>\n\t\t\t\t\t<\/div>\n\t\t<\/div>\n\t\t\t\t\t<\/div>\n\t\t<\/section>\n\t\t\t\t\t<\/div>\n\t\t<\/div>\n\t\t\t\t\t<\/div>\n\t\t<\/section>\n\t\t\t\t<\/div>","protected":false},"excerpt":{"rendered":"<p>Misyonumuz Profesyonel \u00c7al\u0131\u015fma ve Kurumsal \u00c7\u00f6z\u00fcm \u00fcretmektir. FiacoGlobal \u015firketi \u00fclkemizde mevzuatlar\u0131n en g\u00fcncel \u00e7er\u00e7evesini m\u00fc\u015fterilerine de\u011fer yaratacak \u015fekilde uygulayan bir dan\u0131\u015fmanl\u0131k \u015firketidir. Mali m\u00fc\u015favirlik hizmeti kapsam\u0131nda 5746 Ara\u015ft\u0131rma ve Geli\u015ftirme, Devlet te\u015fviklerinin mevzuata uygun bir \u015fekilde muhasebele\u015ftirilmesi ve dan\u0131\u015fmanl\u0131k hizmetlerinin verilmesi faaliyetlerini s\u00fcrd\u00fcrmektedir. M\u00fc\u015fterilerine y\u00f6netim&#8230;<\/p>","protected":false},"author":3,"featured_media":0,"parent":0,"menu_order":0,"comment_status":"closed","ping_status":"closed","template":"full_width.php","meta":{"footnotes":""},"class_list":["post-287","page","type-page","status-publish","hentry"],"_links":{"self":[{"href":"https:\/\/test.fiacoglobal.com.tr\/fa\/wp-json\/wp\/v2\/pages\/287","targetHints":{"allow":["GET"]}}],"collection":[{"href":"https:\/\/test.fiacoglobal.com.tr\/fa\/wp-json\/wp\/v2\/pages"}],"about":[{"href":"https:\/\/test.fiacoglobal.com.tr\/fa\/wp-json\/wp\/v2\/types\/page"}],"author":[{"embeddable":true,"href":"https:\/\/test.fiacoglobal.com.tr\/fa\/wp-json\/wp\/v2\/users\/3"}],"replies":[{"embeddable":true,"href":"https:\/\/test.fiacoglobal.com.tr\/fa\/wp-json\/wp\/v2\/comments?post=287"}],"version-history":[{"count":24,"href":"https:\/\/test.fiacoglobal.com.tr\/fa\/wp-json\/wp\/v2\/pages\/287\/revisions"}],"predecessor-version":[{"id":1308,"href":"https:\/\/test.fiacoglobal.com.tr\/fa\/wp-json\/wp\/v2\/pages\/287\/revisions\/1308"}],"wp:attachment":[{"href":"https:\/\/test.fiacoglobal.com.tr\/fa\/wp-json\/wp\/v2\/media?parent=287"}],"curies":[{"name":"wp","href":"https:\/\/api.w.org\/{rel}","templated":true}]}}