{"id":789,"date":"2021-12-09T16:04:17","date_gmt":"2021-12-09T13:04:17","guid":{"rendered":"https:\/\/fiacoglobal.com\/?page_id=789"},"modified":"2022-02-15T22:19:47","modified_gmt":"2022-02-15T19:19:47","slug":"tercumanlik-rehberlik","status":"publish","type":"page","link":"https:\/\/test.fiacoglobal.com.tr\/en\/tercumanlik-rehberlik\/","title":{"rendered":"Translation and Guidance"},"content":{"rendered":"<div data-elementor-type=\"wp-page\" data-elementor-id=\"789\" class=\"elementor elementor-789\">\n\t\t\t\t\t\t<section class=\"elementor-section elementor-top-section elementor-element elementor-element-aefc794 elementor-section-boxed elementor-section-height-default elementor-section-height-default parallax_section_no qode_elementor_container_no\" data-id=\"aefc794\" data-element_type=\"section\" data-settings=\"{&quot;background_background&quot;:&quot;classic&quot;}\">\n\t\t\t\t\t\t\t<div class=\"elementor-background-overlay\"><\/div>\n\t\t\t\t\t\t\t<div class=\"elementor-container elementor-column-gap-default\">\n\t\t\t\t\t<div class=\"elementor-column elementor-col-100 elementor-top-column elementor-element elementor-element-2dbdcc1\" data-id=\"2dbdcc1\" data-element_type=\"column\">\n\t\t\t<div class=\"elementor-widget-wrap elementor-element-populated\">\n\t\t\t\t\t\t<div class=\"elementor-element elementor-element-464501f elementor-widget elementor-widget-text-editor\" data-id=\"464501f\" data-element_type=\"widget\" data-widget_type=\"text-editor.default\">\n\t\t\t\t<div class=\"elementor-widget-container\">\n\t\t\t\t\t\t\t\t\t<h3>Translation &amp; Guidance Services<\/h3>\t\t\t\t\t\t\t\t<\/div>\n\t\t\t\t<\/div>\n\t\t\t\t<div class=\"elementor-element elementor-element-d7c002b elementor-widget elementor-widget-text-editor\" data-id=\"d7c002b\" data-element_type=\"widget\" data-widget_type=\"text-editor.default\">\n\t\t\t\t<div class=\"elementor-widget-container\">\n\t\t\t\t\t\t\t\t\t<p>Fiaco Global, which was established with the aim of eliminating linguistic and cultural differences in the globalizing world, for our clients to make their investments quickly and correctly and to continue these investments in the most profitable way, also provides translation services to its clients within the scope of this basic principle.<\/p><p>\u00a0<\/p><p>In this context, we carry out both institutional and individual translations requested by our clients, together with our business partners who are experts in the field.<\/p><p>\u00a0<\/p><p>We have our clients translated all documents and texts that need to be translated quickly and accurately, in accordance with the principles of form in official documents and with low costs.<\/p><p>\u00a0<\/p><p>Translation services offered by Fiaco global to its clients include both oral and written translations.<\/p><p>\u00a0<\/p><p>In this context, we are present in all the translation and translation processes that our clients need in the country and abroad, without compromising our service quality.<\/p>\t\t\t\t\t\t\t\t<\/div>\n\t\t\t\t<\/div>\n\t\t\t\t\t<\/div>\n\t\t<\/div>\n\t\t\t\t\t<\/div>\n\t\t<\/section>\n\t\t\t\t<\/div>","protected":false},"excerpt":{"rendered":"<p>Terc\u00fcmanl\u0131k &amp; Rehberlik Hizmetleri Globalle\u015fen d\u00fcnyada s\u0131n\u0131rlar\u0131n tamamen ortadan kalkmas\u0131 sayesinde dil bilimsel ve k\u00fclt\u00fcrel farkl\u0131l\u0131klar\u0131n da ortadan kald\u0131r\u0131larak dan\u0131\u015fanlar\u0131m\u0131z\u0131n h\u0131zl\u0131 ve do\u011fru bir \u015fekilde yat\u0131r\u0131mlar\u0131n\u0131 yapmalar\u0131 ve en kazan\u00e7l\u0131 \u015fekilde bu yat\u0131r\u0131mlar\u0131n\u0131 s\u00fcrd\u00fcrmeleri amac\u0131 ile kurulmu\u015f olan Fiaco Global, bu temel ilkesi kapsam\u0131nda dan\u0131\u015fanlar\u0131na&#8230;<\/p>","protected":false},"author":3,"featured_media":0,"parent":0,"menu_order":0,"comment_status":"closed","ping_status":"closed","template":"full_width.php","meta":{"footnotes":""},"class_list":["post-789","page","type-page","status-publish","hentry"],"_links":{"self":[{"href":"https:\/\/test.fiacoglobal.com.tr\/en\/wp-json\/wp\/v2\/pages\/789","targetHints":{"allow":["GET"]}}],"collection":[{"href":"https:\/\/test.fiacoglobal.com.tr\/en\/wp-json\/wp\/v2\/pages"}],"about":[{"href":"https:\/\/test.fiacoglobal.com.tr\/en\/wp-json\/wp\/v2\/types\/page"}],"author":[{"embeddable":true,"href":"https:\/\/test.fiacoglobal.com.tr\/en\/wp-json\/wp\/v2\/users\/3"}],"replies":[{"embeddable":true,"href":"https:\/\/test.fiacoglobal.com.tr\/en\/wp-json\/wp\/v2\/comments?post=789"}],"version-history":[{"count":0,"href":"https:\/\/test.fiacoglobal.com.tr\/en\/wp-json\/wp\/v2\/pages\/789\/revisions"}],"wp:attachment":[{"href":"https:\/\/test.fiacoglobal.com.tr\/en\/wp-json\/wp\/v2\/media?parent=789"}],"curies":[{"name":"wp","href":"https:\/\/api.w.org\/{rel}","templated":true}]}}