{"id":779,"date":"2021-12-09T15:53:52","date_gmt":"2021-12-09T12:53:52","guid":{"rendered":"https:\/\/fiacoglobal.com\/?page_id=779"},"modified":"2022-02-15T22:18:09","modified_gmt":"2022-02-15T19:18:09","slug":"emlak-yatirim-danismanligi","status":"publish","type":"page","link":"https:\/\/test.fiacoglobal.com.tr\/en\/emlak-yatirim-danismanligi\/","title":{"rendered":"Real Estate &amp; Investment Consulting"},"content":{"rendered":"<div data-elementor-type=\"wp-page\" data-elementor-id=\"779\" class=\"elementor elementor-779\">\n\t\t\t\t\t\t<section class=\"elementor-section elementor-top-section elementor-element elementor-element-aefc794 elementor-section-boxed elementor-section-height-default elementor-section-height-default parallax_section_no qode_elementor_container_no\" data-id=\"aefc794\" data-element_type=\"section\" data-settings=\"{&quot;background_background&quot;:&quot;classic&quot;}\">\n\t\t\t\t\t\t\t<div class=\"elementor-background-overlay\"><\/div>\n\t\t\t\t\t\t\t<div class=\"elementor-container elementor-column-gap-default\">\n\t\t\t\t\t<div class=\"elementor-column elementor-col-100 elementor-top-column elementor-element elementor-element-2dbdcc1\" data-id=\"2dbdcc1\" data-element_type=\"column\">\n\t\t\t<div class=\"elementor-widget-wrap elementor-element-populated\">\n\t\t\t\t\t\t<div class=\"elementor-element elementor-element-464501f elementor-widget elementor-widget-text-editor\" data-id=\"464501f\" data-element_type=\"widget\" data-widget_type=\"text-editor.default\">\n\t\t\t\t<div class=\"elementor-widget-container\">\n\t\t\t\t\t\t\t\t\t<h3>Buying, Selling and Renting Real Estate and Securities<\/h3>\t\t\t\t\t\t\t\t<\/div>\n\t\t\t\t<\/div>\n\t\t\t\t<div class=\"elementor-element elementor-element-d7c002b elementor-widget elementor-widget-text-editor\" data-id=\"d7c002b\" data-element_type=\"widget\" data-widget_type=\"text-editor.default\">\n\t\t\t\t<div class=\"elementor-widget-container\">\n\t\t\t\t\t\t\t\t\t<p>Thanks to the presence of expert employees and business partners of Faico Global, we provide services in areas such as real estate purchase, sale, investment and rental that our clients need. In line with the demands of our clients, we conduct detailed research for all these areas. We report our research in detail and share it with our clients, even for our clients who do not have sufficient knowledge on this subject. In addition to these, since investment decisions are of vital importance, we also include recommendations prepared by experts about the return on preferred investments in our services. With this service we provide to our clients, we ensure that investments come to the decision stage more quickly and accurately.<\/p>\t\t\t\t\t\t\t\t<\/div>\n\t\t\t\t<\/div>\n\t\t\t\t\t<\/div>\n\t\t<\/div>\n\t\t\t\t\t<\/div>\n\t\t<\/section>\n\t\t\t\t<\/div>","protected":false},"excerpt":{"rendered":"<p>Gayrimenkul ve Menkul Mallar\u0131n Al\u0131m &#8211; Sat\u0131m ve Kiralamas\u0131 Faico Global&#8217;in sahip oldu\u011fu alan\u0131nda uzman \u00e7al\u0131\u015fanlar\u0131n\u0131n ve i\u015f ortaklar\u0131n\u0131n varl\u0131\u011f\u0131 sayesinde dan\u0131\u015fanlar\u0131m\u0131z\u0131n ihtiyac\u0131 olan gayrimenkul al\u0131m, sat\u0131m, yat\u0131r\u0131m ve kiralama gibi alanlarda hizmet vermekteyiz. Dan\u0131\u015fanlar\u0131m\u0131zdan gelen talepler do\u011frultusunda t\u00fcm bu alanlar i\u00e7in ayr\u0131nt\u0131l\u0131 ara\u015ft\u0131rmalar yapmaktay\u0131z&#8230;.<\/p>","protected":false},"author":3,"featured_media":0,"parent":0,"menu_order":0,"comment_status":"closed","ping_status":"closed","template":"full_width.php","meta":{"footnotes":""},"class_list":["post-779","page","type-page","status-publish","hentry"],"_links":{"self":[{"href":"https:\/\/test.fiacoglobal.com.tr\/en\/wp-json\/wp\/v2\/pages\/779","targetHints":{"allow":["GET"]}}],"collection":[{"href":"https:\/\/test.fiacoglobal.com.tr\/en\/wp-json\/wp\/v2\/pages"}],"about":[{"href":"https:\/\/test.fiacoglobal.com.tr\/en\/wp-json\/wp\/v2\/types\/page"}],"author":[{"embeddable":true,"href":"https:\/\/test.fiacoglobal.com.tr\/en\/wp-json\/wp\/v2\/users\/3"}],"replies":[{"embeddable":true,"href":"https:\/\/test.fiacoglobal.com.tr\/en\/wp-json\/wp\/v2\/comments?post=779"}],"version-history":[{"count":0,"href":"https:\/\/test.fiacoglobal.com.tr\/en\/wp-json\/wp\/v2\/pages\/779\/revisions"}],"wp:attachment":[{"href":"https:\/\/test.fiacoglobal.com.tr\/en\/wp-json\/wp\/v2\/media?parent=779"}],"curies":[{"name":"wp","href":"https:\/\/api.w.org\/{rel}","templated":true}]}}