{"id":794,"date":"2021-12-09T16:06:07","date_gmt":"2021-12-09T13:06:07","guid":{"rendered":"https:\/\/fiacoglobal.com\/?page_id=794"},"modified":"2022-02-15T22:22:10","modified_gmt":"2022-02-15T19:22:10","slug":"hukuki-ticari-hizmetler","status":"publish","type":"page","link":"https:\/\/test.fiacoglobal.com.tr\/ar\/hukuki-ticari-hizmetler\/","title":{"rendered":"\u0627\u0644\u062e\u062f\u0645\u0627\u062a \u0627\u0644\u0642\u0627\u0646\u0648\u0646\u064a\u0629 \u0648\u0627\u0644\u062a\u062c\u0627\u0631\u064a\u0629"},"content":{"rendered":"<div data-elementor-type=\"wp-page\" data-elementor-id=\"794\" class=\"elementor elementor-794\">\n\t\t\t\t\t\t<section class=\"elementor-section elementor-top-section elementor-element elementor-element-aefc794 elementor-section-boxed elementor-section-height-default elementor-section-height-default parallax_section_no qode_elementor_container_no\" data-id=\"aefc794\" data-element_type=\"section\" data-settings=\"{&quot;background_background&quot;:&quot;classic&quot;}\">\n\t\t\t\t\t\t\t<div class=\"elementor-background-overlay\"><\/div>\n\t\t\t\t\t\t\t<div class=\"elementor-container elementor-column-gap-default\">\n\t\t\t\t\t<div class=\"elementor-column elementor-col-100 elementor-top-column elementor-element elementor-element-2dbdcc1\" data-id=\"2dbdcc1\" data-element_type=\"column\">\n\t\t\t<div class=\"elementor-widget-wrap elementor-element-populated\">\n\t\t\t\t\t\t<div class=\"elementor-element elementor-element-464501f elementor-widget elementor-widget-text-editor\" data-id=\"464501f\" data-element_type=\"widget\" data-widget_type=\"text-editor.default\">\n\t\t\t\t<div class=\"elementor-widget-container\">\n\t\t\t\t\t\t\t\t\t<h3>\u0627\u0644\u062e\u062f\u0645\u0627\u062a \u0627\u0644\u0642\u0627\u0646\u0648\u0646\u064a\u0629 \u0648\u0627\u0644\u062a\u062c\u0627\u0631\u064a\u0629<\/h3>\t\t\t\t\t\t\t\t<\/div>\n\t\t\t\t<\/div>\n\t\t\t\t<div class=\"elementor-element elementor-element-d7c002b elementor-widget elementor-widget-text-editor\" data-id=\"d7c002b\" data-element_type=\"widget\" data-widget_type=\"text-editor.default\">\n\t\t\t\t<div class=\"elementor-widget-container\">\n\t\t\t\t\t\t\t\t\t<p>\u0641\u064a \u062c\u0645\u0647\u0648\u0631\u064a\u0629 \u062a\u0631\u0643\u064a\u0627 \u060c \u0627\u0644\u0623\u0634\u062e\u0627\u0635 \u0627\u0644\u0630\u064a\u0646 \u064a\u0645\u0627\u0631\u0633\u0648\u0646 \u0645\u0647\u0646\u0629 \u0627\u0644\u0645\u062d\u0627\u0645\u0627\u0629 \u0644\u062f\u064a\u0647\u0645 \u0648\u0627\u062c\u0628\u0627\u0646 \u0623\u0633\u0627\u0633\u064a\u0627\u0646. \u0623\u0648\u0644\u0649 \u0647\u0630\u0647 \u0627\u0644\u0648\u0627\u062c\u0628\u0627\u062a \u0627\u0644\u062a\u0645\u062b\u064a\u0644 \u0627\u0644\u0642\u0627\u0646\u0648\u0646\u064a \u0648\u0627\u0644\u062b\u0627\u0646\u064a \u0647\u064a \u0627\u0644\u0627\u0633\u062a\u0634\u0627\u0631\u0627\u062a \u0627\u0644\u0642\u0627\u0646\u0648\u0646\u064a\u0629. \u0639\u0644\u0649 \u0627\u0644\u0631\u063a\u0645 \u0645\u0646 \u0623\u0646\u0647 \u0645\u0646 \u0627\u0644\u0645\u0645\u0643\u0646 \u062c\u0645\u0639 \u0645\u0639\u0638\u0645 \u0648\u0627\u062c\u0628\u0627\u062a \u0627\u0644\u0645\u062d\u0627\u0645\u064a\u0646 \u062a\u062d\u062a \u0647\u0630\u064a\u0646 \u0627\u0644\u0639\u0646\u0648\u0627\u0646\u064a\u0646 \u060c \u0625\u0644\u0627 \u0623\u0646\u0647\u0645 \u064a\u0642\u062f\u0645\u0648\u0646 \u0623\u064a\u0636\u064b\u0627 \u062e\u062f\u0645\u0627\u062a \u0641\u064a \u0645\u062c\u0627\u0644\u0627\u062a \u0645\u062b\u0644 \u0625\u0639\u062f\u0627\u062f \u0627\u0644\u0627\u0644\u062a\u0645\u0627\u0633\u0627\u062a \u0623\u0648 \u0643\u062a\u0627\u0628\u0629 \u0627\u0644\u0639\u0642\u0648\u062f. \u0628\u0627\u062e\u062a\u0635\u0627\u0631 \u060c \u064a\u0642\u062f\u0645 \u0627\u0644\u0623\u0634\u062e\u0627\u0635 \u0627\u0644\u0645\u0647\u062a\u0645\u0648\u0646 \u0628\u0645\u0647\u0646\u0629 \u0627\u0644\u0645\u062d\u0627\u0645\u0627\u0629 \u062e\u062f\u0645\u0627\u062a \u0641\u064a \u062c\u0645\u064a\u0639 \u0627\u0644\u0645\u062c\u0627\u0644\u0627\u062a \u0627\u0644\u062a\u064a \u064a\u0648\u062c\u062f \u0641\u064a\u0647\u0627 \u0627\u0644\u0642\u0627\u0646\u0648\u0646.\u00a0<\/p><p>\u00a0<\/p><p>\u0639\u0646\u062f\u0645\u0627 \u064a\u062a\u0639\u0644\u0642 \u0627\u0644\u0623\u0645\u0631 \u0628\u0627\u0644\u0627\u0633\u062a\u0634\u0627\u0631\u0627\u062a \u0627\u0644\u0642\u0627\u0646\u0648\u0646\u064a\u0629 \u060c \u0648\u0627\u0644\u062a\u064a \u062a\u0639\u062f \u0623\u0648\u0644 \u0623\u0633\u0633 \u0645\u0647\u0646\u0629 \u0627\u0644\u0645\u062d\u0627\u0645\u0627\u0629 \u060c \u064a\u062c\u0628 \u0623\u0646 \u064a\u062a\u0628\u0627\u062f\u0631 \u0625\u0644\u0649 \u0627\u0644\u0630\u0647\u0646 \u0644\u0644\u062d\u0635\u0648\u0644 \u0639\u0644\u0649 \u0622\u0631\u0627\u0621 \u0645\u0647\u0646\u064a\u0629 \u0648\u062e\u0628\u0631\u0629 \u0645\u0646 \u0645\u062d\u0627\u0645\u064d \u0641\u064a \u0645\u0633\u0623\u0644\u0629 \u0642\u0627\u0646\u0648\u0646\u064a\u0629. \u0648\u0645\u0639 \u0630\u0644\u0643 \u060c \u0641\u0625\u0646 \u062e\u062f\u0645\u0629 \u0627\u0644\u0645\u0639\u0644\u0648\u0645\u0627\u062a \u0647\u0630\u0647 \u0627\u0644\u062a\u064a \u064a\u0642\u062f\u0645\u0647\u0627 \u0627\u0644\u0645\u062d\u0627\u0645\u0648\u0646 \u0644\u0639\u0645\u0644\u0627\u0626\u0647\u0645 \u0623\u0648 \u0645\u0648\u0643\u0644\u064a\u0647\u0645 \u0644\u064a\u0633\u062a \u0645\u0639\u0644\u0648\u0645\u0627\u062a \u0628\u0633\u064a\u0637\u0629. \u0643\u0645\u0627 \u064a\u062a\u0636\u0645\u0646 \u0625\u062c\u0627\u0628\u0627\u062a \u0644\u0623\u0633\u0626\u0644\u0629 \u0645\u062b\u0644 \u0645\u0646 \u0648\u0645\u0627\u0630\u0627 \u0648\u0623\u064a\u0646 \u0648\u0645\u062a\u0649 \u0648\u0643\u064a\u0641 \u062d\u0648\u0644 \u0627\u0644\u0642\u0636\u0627\u064a\u0627 \u0627\u0644\u0642\u0627\u0646\u0648\u0646\u064a\u0629 \u0627\u0644\u0645\u062a\u0639\u0644\u0642\u0629 \u0628\u0627\u0644\u0645\u0634\u0648\u0631\u0629 \u0627\u0644\u0642\u0627\u0646\u0648\u0646\u064a\u0629. \u0628\u0633\u0628\u0628 \u0647\u0630\u0647 \u0627\u0644\u0645\u064a\u0632\u0629 \u060c \u064a\u062a\u0645 \u062a\u0642\u062f\u064a\u0645 \u0645\u0639\u0644\u0648\u0645\u0627\u062a \u062d\u0648\u0644 \u0643\u064a\u0641\u064a\u0629 \u0645\u062a\u0627\u0628\u0639\u0629 \u0627\u0644\u0645\u0634\u0643\u0644\u0629 \u0627\u0644\u0642\u0627\u0646\u0648\u0646\u064a\u0629 \u0645\u0646 \u0627\u0644\u0628\u062f\u0627\u064a\u0629 \u0625\u0644\u0649 \u0627\u0644\u0646\u0647\u0627\u064a\u0629.\u00a0<\/p><p>\u00a0<\/p><p>\u062a\u0642\u062f\u0645 \u0634\u0631\u0643\u0629  \u0641\u064a\u0627\u0643\u0648 \u0627\u0644\u0639\u0627\u0644\u0645\u064a\u0629 \u060c \u0627\u0644\u062a\u064a \u062a\u0639\u0645\u0644 \u0645\u0639 \u0645\u0633\u062a\u0634\u0627\u0631\u064a\u0646\u0627 \u0641\u064a \u062d\u0644 \u0645\u0634\u0643\u0644\u0627\u062a\u0647\u0645 \u0627\u0644\u0642\u0627\u0646\u0648\u0646\u064a\u0629 \u060c \u062d\u0644\u0648\u0644\u064b\u0627 \u0644\u0647\u0630\u0647 \u0627\u0644\u0645\u0634\u0643\u0644\u0627\u062a \u062c\u0646\u0628\u064b\u0627 \u0625\u0644\u0649 \u062c\u0646\u0628 \u0645\u0639 \u0634\u0631\u0643\u0627\u0626\u0647\u0627 \u0627\u0644\u062a\u062c\u0627\u0631\u064a\u064a\u0646 \u0630\u0648\u064a \u0627\u0644\u062e\u0628\u0631\u0629 \u0627\u0644\u0630\u064a\u0646 \u0647\u0645 \u062e\u0628\u0631\u0627\u0621 \u0641\u064a \u0645\u062c\u0627\u0644\u0627\u062a\u0647\u0645. \u0628\u0627\u0644\u0625\u0636\u0627\u0641\u0629 \u0625\u0644\u0649 \u0630\u0644\u0643 \u060c \u0646\u062a\u0635\u0631\u0641 \u062f\u0627\u0626\u0645\u064b\u0627 \u0628\u062f\u0642\u0629 \u0648\u0633\u0631\u0639\u0629 \u0641\u064a \u0627\u0644\u0625\u0628\u0644\u0627\u063a \u0639\u0646 \u0627\u0644\u0639\u0645\u0644\u064a\u0629.<\/p>\t\t\t\t\t\t\t\t<\/div>\n\t\t\t\t<\/div>\n\t\t\t\t\t<\/div>\n\t\t<\/div>\n\t\t\t\t\t<\/div>\n\t\t<\/section>\n\t\t\t\t<\/div>","protected":false},"excerpt":{"rendered":"<p>Hukuki &amp; Ticari Hizmetler T\u00fcrkiye Cumhuriyeti\u2019nde avukatl\u0131k mesle\u011fini yerine getiren ki\u015filerin temel olarak iki g\u00f6revi bulunmaktad\u0131r. Bu g\u00f6revlerden ilki hukuki temsil olurken ikincisi ise hukuki dan\u0131\u015fmanl\u0131k olmaktad\u0131r. Avukatlar\u0131n g\u00f6revlerinin b\u00fcy\u00fck k\u0131s\u0131mlar\u0131n\u0131 bu iki ba\u015fl\u0131k alt\u0131nda toplamak m\u00fcmk\u00fcn olmakla birlikte, dilek\u00e7e haz\u0131rlama ya da s\u00f6zle\u015fme yaz\u0131m\u0131&#8230;<\/p>","protected":false},"author":3,"featured_media":0,"parent":0,"menu_order":0,"comment_status":"closed","ping_status":"closed","template":"full_width.php","meta":{"footnotes":""},"class_list":["post-794","page","type-page","status-publish","hentry"],"_links":{"self":[{"href":"https:\/\/test.fiacoglobal.com.tr\/ar\/wp-json\/wp\/v2\/pages\/794","targetHints":{"allow":["GET"]}}],"collection":[{"href":"https:\/\/test.fiacoglobal.com.tr\/ar\/wp-json\/wp\/v2\/pages"}],"about":[{"href":"https:\/\/test.fiacoglobal.com.tr\/ar\/wp-json\/wp\/v2\/types\/page"}],"author":[{"embeddable":true,"href":"https:\/\/test.fiacoglobal.com.tr\/ar\/wp-json\/wp\/v2\/users\/3"}],"replies":[{"embeddable":true,"href":"https:\/\/test.fiacoglobal.com.tr\/ar\/wp-json\/wp\/v2\/comments?post=794"}],"version-history":[{"count":0,"href":"https:\/\/test.fiacoglobal.com.tr\/ar\/wp-json\/wp\/v2\/pages\/794\/revisions"}],"wp:attachment":[{"href":"https:\/\/test.fiacoglobal.com.tr\/ar\/wp-json\/wp\/v2\/media?parent=794"}],"curies":[{"name":"wp","href":"https:\/\/api.w.org\/{rel}","templated":true}]}}