{"id":764,"date":"2021-12-09T15:33:36","date_gmt":"2021-12-09T12:33:36","guid":{"rendered":"https:\/\/fiacoglobal.com\/?page_id=764"},"modified":"2022-02-15T17:36:16","modified_gmt":"2022-02-15T14:36:16","slug":"e-donusum","status":"publish","type":"page","link":"https:\/\/test.fiacoglobal.com.tr\/ar\/e-donusum\/","title":{"rendered":"<a href=\"https:\/\/fiacoglobal.com\/ar\/e-donusum\/\">\u0627\u0644\u062a\u062d\u0648\u0644 \u0627\u0644\u0625\u0644\u0643\u062a\u0631\u0648\u0646\u064a<\/a>"},"content":{"rendered":"<div data-elementor-type=\"wp-page\" data-elementor-id=\"764\" class=\"elementor elementor-764\">\n\t\t\t\t\t\t<section class=\"elementor-section elementor-top-section elementor-element elementor-element-aefc794 elementor-section-boxed elementor-section-height-default elementor-section-height-default parallax_section_no qode_elementor_container_no\" data-id=\"aefc794\" data-element_type=\"section\" data-settings=\"{&quot;background_background&quot;:&quot;classic&quot;}\">\n\t\t\t\t\t\t\t<div class=\"elementor-background-overlay\"><\/div>\n\t\t\t\t\t\t\t<div class=\"elementor-container elementor-column-gap-default\">\n\t\t\t\t\t<div class=\"elementor-column elementor-col-33 elementor-top-column elementor-element elementor-element-a9862c5\" data-id=\"a9862c5\" data-element_type=\"column\">\n\t\t\t<div class=\"elementor-widget-wrap elementor-element-populated\">\n\t\t\t\t\t\t<div class=\"elementor-element elementor-element-f074e2a elementor-widget elementor-widget-text-editor\" data-id=\"f074e2a\" data-element_type=\"widget\" data-widget_type=\"text-editor.default\">\n\t\t\t\t<div class=\"elementor-widget-container\">\n\t\t\t\t\t\t\t\t\t<h3><a href=\"https:\/\/fiacoglobal.com\/ar\/e-donusum\/\">\u0627\u0644\u062a\u062d\u0648\u0644 \u0627\u0644\u0625\u0644\u0643\u062a\u0631\u0648\u0646\u064a<\/a><\/h3>\t\t\t\t\t\t\t\t<\/div>\n\t\t\t\t<\/div>\n\t\t\t\t<div class=\"elementor-element elementor-element-4d8a3b9 elementor-widget elementor-widget-text-editor\" data-id=\"4d8a3b9\" data-element_type=\"widget\" data-widget_type=\"text-editor.default\">\n\t\t\t\t<div class=\"elementor-widget-container\">\n\t\t\t\t\t\t\t\t\t<p>\u0645\u0646 \u0623\u062c\u0644 \u062a\u0645\u0643\u064a\u0646\u0643 \u0645\u0646 \u0627\u0633\u062a\u062e\u062f\u0627\u0645 \u062c\u0645\u064a\u0639 \u0645\u062a\u0637\u0644\u0628\u0627\u062a \u0627\u0644\u062a\u062d\u0648\u0644 \u0627\u0644\u0625\u0644\u0643\u062a\u0631\u0648\u0646\u064a \u0645\u062b\u0644 \u0627\u0644\u0641\u0627\u062a\u0648\u0631\u0629 \u0627\u0644\u0625\u0644\u0643\u062a\u0631\u0648\u0646\u064a\u0629 \u0648\u0627\u0644\u062a\u0648\u0642\u064a\u0639 \u0627\u0644\u0625\u0644\u0643\u062a\u0631\u0648\u0646\u064a \u0648\u062f\u0641\u062a\u0631 \u0627\u0644\u0623\u0633\u062a\u0627\u0630 \u0627\u0644\u0625\u0644\u0643\u062a\u0631\u0648\u0646\u064a \u0648\u0625\u064a\u0635\u0627\u0644 \u0627\u0644\u062a\u0648\u0638\u064a\u0641 \u0627\u0644\u0630\u0627\u062a\u064a \u0627\u0644\u0625\u0644\u0643\u062a\u0631\u0648\u0646\u064a \u0648\u062a\u062a\u0628\u0639 \u0627\u0644\u062d\u0627\u0644\u0629 \u060c \u0648\u0627\u0644\u062a\u064a \u062a\u064f\u0633\u062a\u062e\u062f\u0645 \u0645\u062c\u0627\u0646\u064b\u0627 \u0643\u0646\u062a\u064a\u062c\u0629 \u0644\u0644\u062a\u062d\u0648\u0644 \u0627\u0644\u0625\u0644\u0643\u062a\u0631\u0648\u0646\u064a \u0639\u0645\u0644\u064a\u0629 \u0645\u0646 \u0630\u0648\u064a \u0627\u0644\u062e\u0628\u0631\u0629 \u0641\u064a \u0628\u0644\u062f\u0646\u0627 \u0645\u0646 \u0623\u062c\u0644 \u0627\u0644\u062a\u0643\u064a\u0641 \u0645\u0639 \u0627\u0644\u0639\u0627\u0644\u0645 \u0627\u0644\u0631\u0642\u0645\u064a \u060c \u0634\u0631\u0643\u0629  \u0641\u064a\u0627\u0643\u0648 \u0627\u0644\u0639\u0627\u0644\u0645\u064a\u0629 \u0645\u0639\u0643. \u0646\u062d\u0646 \u0645\u0639\u0643\u0645 \u0641\u064a \u0639\u0645\u0644\u064a\u0627\u062a \u0627\u0644\u062a\u0637\u0628\u064a\u0642 \u0627\u0644\u0628\u064a\u0631\u0648\u0642\u0631\u0627\u0637\u064a\u0629 \u0648\u0627\u0644\u0645\u0639\u0642\u062f\u0629 \u0627\u0644\u062a\u064a \u064a\u062c\u0628 \u0627\u0644\u0642\u064a\u0627\u0645 \u0628\u0647\u0627 \u0645\u0646 \u0623\u062c\u0644 \u062a\u062d\u0642\u064a\u0642 \u0643\u0644 \u0647\u0630\u0647 \u0627\u0644\u062a\u062d\u0648\u0644\u0627\u062a. \u0646\u0642\u0641 \u0628\u062c\u0627\u0646\u0628 \u0639\u0645\u0644\u0627\u0626\u0646\u0627 \u0628\u0646\u0638\u0627\u0645 \u064a\u0645\u0643\u0651\u0646\u0647\u0645 \u0645\u0646 \u0645\u062a\u0627\u0628\u0639\u0629 \u062c\u0645\u064a\u0639 \u0627\u0644\u0639\u0645\u0644\u064a\u0627\u062a \u0645\u0646 \u062e\u0644\u0627\u0644 \u0627\u0644\u062a\u0637\u0628\u064a\u0642 \u062d\u062a\u0649 \u0644\u0627 \u064a\u0636\u0637\u0631\u0648\u0627 \u0644\u0644\u062a\u0639\u0627\u0645\u0644 \u0645\u0639 \u0627\u0644\u0645\u0633\u062a\u0646\u062f\u0627\u062a \u0627\u0644\u0648\u0631\u0642\u064a\u0629.<\/p>\t\t\t\t\t\t\t\t<\/div>\n\t\t\t\t<\/div>\n\t\t\t\t\t<\/div>\n\t\t<\/div>\n\t\t\t\t<div class=\"elementor-column elementor-col-33 elementor-top-column elementor-element elementor-element-0dc4a61\" data-id=\"0dc4a61\" data-element_type=\"column\">\n\t\t\t<div class=\"elementor-widget-wrap elementor-element-populated\">\n\t\t\t\t\t\t<div class=\"elementor-element elementor-element-0837621 elementor-widget elementor-widget-text-editor\" data-id=\"0837621\" data-element_type=\"widget\" data-widget_type=\"text-editor.default\">\n\t\t\t\t<div class=\"elementor-widget-container\">\n\t\t\t\t\t\t\t\t\t<h3>\u0627\u0644\u062a\u062c\u0627\u0631\u0629 \u0627\u0644\u0625\u0644\u0643\u062a\u0631\u0648\u0646\u064a\u0629<\/h3>\t\t\t\t\t\t\t\t<\/div>\n\t\t\t\t<\/div>\n\t\t\t\t<div class=\"elementor-element elementor-element-642471c elementor-widget elementor-widget-text-editor\" data-id=\"642471c\" data-element_type=\"widget\" data-widget_type=\"text-editor.default\">\n\t\t\t\t<div class=\"elementor-widget-container\">\n\t\t\t\t\t\t\t\t\t<p>\u0628\u0635\u0641\u062a\u0646\u0627 \u0634\u0631\u0643\u0629  \u0641\u064a\u0627\u0643\u0648 \u0627\u0644\u0639\u0627\u0644\u0645\u064a\u0629 \u060c \u0641\u0625\u0646\u0646\u0627 \u0646\u0642\u0641 \u0625\u0644\u0649 \u062c\u0627\u0646\u0628\u0647\u0645 \u0641\u064a \u0627\u0644\u062a\u062c\u0627\u0631\u0629 \u0627\u0644\u0625\u0644\u0643\u062a\u0631\u0648\u0646\u064a\u0629 \u060c \u0648\u0627\u0644\u062a\u064a \u062a\u062d\u062a\u0644 \u0645\u0643\u0627\u0646\u0629 \u0645\u0647\u0645\u0629 \u0644\u0644\u063a\u0627\u064a\u0629 \u0641\u064a \u0627\u0644\u062a\u0642\u062f\u0645 \u0627\u0644\u0645\u0633\u062a\u0645\u0631 \u0644\u0644\u0634\u0631\u0643\u0627\u062a. \u0646\u0642\u0648\u0645 \u0628\u0625\u062c\u0631\u0627\u0621 \u062f\u0631\u0627\u0633\u0627\u062a \u062a\u062d\u0633\u064a\u0646 \u0645\u062d\u0631\u0643\u0627\u062a \u0627\u0644\u0628\u062d\u062b (SEO) \u0644\u0625\u062f\u062e\u0627\u0644\u0627\u062a \u0645\u0648\u0642\u0639 \u0627\u0644\u0648\u064a\u0628 \u0627\u0644\u0645\u0628\u0627\u0634\u0631 \u060c \u0648\u0642\u0646\u0648\u0627\u062a \u0627\u0644\u062a\u0633\u0648\u064a\u0642 \u0639\u0628\u0631 \u0648\u0633\u0627\u0626\u0644 \u0627\u0644\u062a\u0648\u0627\u0635\u0644 \u0627\u0644\u0627\u062c\u062a\u0645\u0627\u0639\u064a \u060c \u0648\u062a\u0633\u0648\u064a\u0642 \u0627\u0644\u0645\u062d\u062a\u0648\u0649 \u060c \u0648\u0625\u0639\u0644\u0627\u0646\u0627\u062a \u0625\u0639\u0644\u0627\u0646\u0627\u062a Google \u060c \u0648\u0627\u0644\u062a\u0633\u0648\u064a\u0642 \u0639\u0628\u0631 \u0627\u0644\u0628\u0631\u064a\u062f \u0627\u0644\u0625\u0644\u0643\u062a\u0631\u0648\u0646\u064a \u060c \u0648\u0632\u064a\u0627\u0631\u0627\u062a \u0627\u0644\u0645\u0648\u0642\u0639 \u0627\u0644\u0639\u0636\u0648\u064a\u0629 \u0644\u0636\u0645\u0627\u0646 \u0623\u0646 \u064a\u0643\u0648\u0646 \u0639\u0645\u0644\u0627\u0624\u0646\u0627 \u0641\u064a \u0635\u062f\u0627\u0631\u0629 \u0627\u0644\u062a\u062c\u0627\u0631\u0629 \u0627\u0644\u0625\u0644\u0643\u062a\u0631\u0648\u0646\u064a\u0629. \u0634\u0631\u0643\u0629  \u0641\u064a\u0627\u0643\u0648 \u0627\u0644\u0639\u0627\u0644\u0645\u064a\u0629 \u060c \u0627\u0644\u062a\u064a \u062a\u0642\u0641 \u0625\u0644\u0649 \u062c\u0627\u0646\u0628 \u0639\u0645\u0644\u0627\u0626\u0647\u0627 \u0641\u064a \u062c\u0645\u064a\u0639 \u0627\u0644\u0623\u0645\u0648\u0631 \u060c \u062a\u0642\u0641 \u0623\u064a\u0636\u064b\u0627 \u0625\u0644\u0649 \u062c\u0627\u0646\u0628 \u0639\u0645\u0644\u0627\u0626\u0647\u0627 \u0628\u0641\u0631\u064a\u0642\u0647\u0627 \u0627\u0644\u0645\u062d\u062a\u0631\u0641 \u0648\u0627\u0644\u062e\u0628\u064a\u0631 \u0641\u064a \u0627\u0644\u062a\u062c\u0627\u0631\u0629 \u0627\u0644\u0625\u0644\u0643\u062a\u0631\u0648\u0646\u064a\u0629.\u00a0<\/p>\t\t\t\t\t\t\t\t<\/div>\n\t\t\t\t<\/div>\n\t\t\t\t\t<\/div>\n\t\t<\/div>\n\t\t\t\t<div class=\"elementor-column elementor-col-33 elementor-top-column elementor-element elementor-element-2dbdcc1\" data-id=\"2dbdcc1\" data-element_type=\"column\">\n\t\t\t<div class=\"elementor-widget-wrap elementor-element-populated\">\n\t\t\t\t\t\t<div class=\"elementor-element elementor-element-464501f elementor-widget elementor-widget-text-editor\" data-id=\"464501f\" data-element_type=\"widget\" data-widget_type=\"text-editor.default\">\n\t\t\t\t<div class=\"elementor-widget-container\">\n\t\t\t\t\t\t\t\t\t<h3>\u0646\u0638\u0627\u0645 \u0646\u0642\u0627\u0637 \u0627\u0644\u0628\u064a\u0639 \u0627\u0644\u0627\u0641\u062a\u0631\u0627\u0636\u064a\u0629<\/h3>\t\t\t\t\t\t\t\t<\/div>\n\t\t\t\t<\/div>\n\t\t\t\t<div class=\"elementor-element elementor-element-d7c002b elementor-widget elementor-widget-text-editor\" data-id=\"d7c002b\" data-element_type=\"widget\" data-widget_type=\"text-editor.default\">\n\t\t\t\t<div class=\"elementor-widget-container\">\n\t\t\t\t\t\t\t\t\t<p>\u0645\u0639 \u0632\u064a\u0627\u062f\u0629 \u0645\u062c\u0627\u0644\u0627\u062a \u0627\u0633\u062a\u062e\u062f\u0627\u0645 \u0627\u0644\u062a\u0643\u0646\u0648\u0644\u0648\u062c\u064a\u0627 \u064a\u0648\u0645\u064b\u0627 \u0628\u0639\u062f \u064a\u0648\u0645 \u060c \u0648\u064a\u062a\u0645 \u0646\u0642\u0644 \u062c\u0632\u0621 \u0643\u0628\u064a\u0631 \u0645\u0646 \u0645\u0639\u0627\u0645\u0644\u0627\u062a \u0627\u0644\u062a\u0633\u0648\u0642 \u0625\u0644\u0649 \u0627\u0644\u0628\u064a\u0626\u0629 \u0627\u0644\u0631\u0642\u0645\u064a\u0629 \u060c \u0639\u0644\u0649 \u0627\u0644\u0631\u063a\u0645 \u0645\u0646 \u0623\u0646 \u0627\u0644\u0634\u0631\u0643\u0627\u062a \u0644\u062f\u064a\u0647\u0627 \u0645\u062a\u0627\u062c\u0631 \u0641\u0639\u0644\u064a\u0629 \u060c \u0641\u0625\u0646 \u062c\u0632\u0621\u064b\u0627 \u0643\u0628\u064a\u0631\u064b\u0627 \u0645\u0646 \u0645\u0628\u064a\u0639\u0627\u062a\u0647\u0627 \u064a\u062a\u0645 \u0645\u0646 \u0627\u0644\u0645\u062a\u0627\u062c\u0631 \u0639\u0628\u0631 \u0627\u0644\u0625\u0646\u062a\u0631\u0646\u062a. \u0646\u062d\u0646 \u0623\u064a\u0636\u064b\u0627 \u0646\u0642\u0641 \u0625\u0644\u0649 \u062c\u0627\u0646\u0628 \u0639\u0645\u0644\u0627\u0626\u0646\u0627 \u0627\u0644\u0630\u064a\u0646 \u064a\u0631\u063a\u0628\u0648\u0646 \u0641\u064a \u0627\u0644\u062a\u0648\u0627\u062c\u062f \u0641\u064a \u0628\u064a\u0626\u0627\u062a \u0627\u0644\u062a\u0633\u0648\u0642 \u0639\u0628\u0631 \u0627\u0644\u0625\u0646\u062a\u0631\u0646\u062a \u062d\u064a\u062b \u062a\u0648\u062c\u062f \u0642\u0627\u0639\u062f\u0629 \u0639\u0645\u0644\u0627\u0621 \u0645\u062d\u062a\u0645\u0644\u0629 \u0623\u0643\u0628\u0631 \u0628\u0643\u062b\u064a\u0631. \u0643\u0645\u0627 \u0646\u0633\u0627\u0639\u062f \u0639\u0645\u0644\u0627\u0626\u0646\u0627 \u060c \u0627\u0644\u0630\u064a\u0646 \u0628\u062f\u0623\u0648\u0627 \u0641\u064a \u062e\u062f\u0645\u0629 \u0639\u0645\u0644\u0627\u0626\u0647\u0645 \u0645\u0646 \u062e\u0644\u0627\u0644 \u0645\u0648\u0627\u0642\u0639 \u0627\u0644\u062a\u062c\u0627\u0631\u0629 \u0627\u0644\u0625\u0644\u0643\u062a\u0631\u0648\u0646\u064a\u0629 \u060c \u0641\u064a \u0646\u0638\u0627\u0645 \u0646\u0642\u0627\u0637 \u0627\u0644\u0628\u064a\u0639 \u0627\u0644\u0627\u0641\u062a\u0631\u0627\u0636\u064a\u0629 \u060c \u0627\u0644\u0630\u064a \u0647\u0645 \u0641\u064a \u0623\u0645\u0633 \u0627\u0644\u062d\u0627\u062c\u0629 \u0625\u0644\u064a\u0647 \u0648\u0627\u0644\u0630\u064a \u064a\u0632\u062f\u0627\u062f \u0627\u0644\u0637\u0644\u0628 \u0639\u0644\u064a\u0647 \u064a\u0648\u0645\u064b\u0627 \u0628\u0639\u062f \u064a\u0648\u0645.\u00a0<\/p>\t\t\t\t\t\t\t\t<\/div>\n\t\t\t\t<\/div>\n\t\t\t\t\t<\/div>\n\t\t<\/div>\n\t\t\t\t\t<\/div>\n\t\t<\/section>\n\t\t\t\t<\/div>","protected":false},"excerpt":{"rendered":"<p>E-D\u00f6n\u00fc\u015f\u00fcm Dijitalle\u015fen d\u00fcnyaya uyum sa\u011flamak amac\u0131 ile \u00fclkemizde de ya\u015fanan e-d\u00f6n\u00fc\u015f\u00fcm s\u00fcrecinin neticesinde \u00fccretsiz bir \u015fekilde kullan\u0131lan e-fatura, e-\u0130mza, e-defter, e-Serbest Meslek Makbuzu ve durum takibi gibi t\u00fcm e-D\u00f6n\u00fc\u015f\u00fcm gerekliliklerini \u00fccretsiz bir \u015fekilde kullanabilmeniz i\u00e7in Fiaco Global yan\u0131n\u0131zda yer almaktad\u0131r. T\u00fcm bu d\u00f6n\u00fc\u015f\u00fcmlerin sa\u011flanabilmesi i\u00e7in&#8230;<\/p>","protected":false},"author":3,"featured_media":0,"parent":0,"menu_order":0,"comment_status":"closed","ping_status":"closed","template":"full_width.php","meta":{"footnotes":""},"class_list":["post-764","page","type-page","status-publish","hentry"],"_links":{"self":[{"href":"https:\/\/test.fiacoglobal.com.tr\/ar\/wp-json\/wp\/v2\/pages\/764","targetHints":{"allow":["GET"]}}],"collection":[{"href":"https:\/\/test.fiacoglobal.com.tr\/ar\/wp-json\/wp\/v2\/pages"}],"about":[{"href":"https:\/\/test.fiacoglobal.com.tr\/ar\/wp-json\/wp\/v2\/types\/page"}],"author":[{"embeddable":true,"href":"https:\/\/test.fiacoglobal.com.tr\/ar\/wp-json\/wp\/v2\/users\/3"}],"replies":[{"embeddable":true,"href":"https:\/\/test.fiacoglobal.com.tr\/ar\/wp-json\/wp\/v2\/comments?post=764"}],"version-history":[{"count":0,"href":"https:\/\/test.fiacoglobal.com.tr\/ar\/wp-json\/wp\/v2\/pages\/764\/revisions"}],"wp:attachment":[{"href":"https:\/\/test.fiacoglobal.com.tr\/ar\/wp-json\/wp\/v2\/media?parent=764"}],"curies":[{"name":"wp","href":"https:\/\/api.w.org\/{rel}","templated":true}]}}